{"id":10980,"date":"2021-08-16T14:31:26","date_gmt":"2021-08-16T14:31:26","guid":{"rendered":"https:\/\/www.silvernurseeu.com\/shop\/silvernurse-925-sterling-pure-silver-gua-sha-massage-tool\/"},"modified":"2022-11-24T16:09:28","modified_gmt":"2022-11-24T16:09:28","slug":"silvernurse-925-sterling-pure-silver-gua-sha-massage-tool","status":"publish","type":"product","link":"https:\/\/old.silvernurseeu.com\/cs\/shop\/silvernurse-925-sterling-pure-silver-gua-sha-massage-tool\/","title":{"rendered":"Mas\u00e1\u017en\u00ed n\u00e1stroj SilverNurse\u00ae 925 Sterling Pure Silver Gua Sha"},"content":{"rendered":"[vc_row][vc_column][vc_column_text]P\u0159edstavujeme SilverNurse SILVER GUA SHA. Pou\u017e\u00edv\u00e1 se v \u010d\u00ednsk\u00e9 medic\u00edn\u011b k hojen\u00ed tk\u00e1n\u00ed a je to mocn\u00fd n\u00e1stroj kr\u00e1sy, kter\u00fd podporuje celkov\u00e9 zdrav\u00ed poko\u017eky.<\/p>\n<p>SILVER GUA SHA je zn\u00e1m\u00e1 t\u00edm, \u017ee pom\u00e1h\u00e1 t\u00f3novat, zpev\u0148ovat a stimulovat poko\u017eku. Tento n\u00e1stroj na mas\u00e1\u017e obli\u010deje, kter\u00fd je ide\u00e1ln\u00ed pro ka\u017edodenn\u00ed p\u00e9\u010di o ple\u0165, umo\u017e\u0148uje kontrolovan\u00fd tlak a obep\u00edn\u00e1 k\u0159ivky va\u0161eho obli\u010deje a krku, \u010d\u00edm\u017e pom\u00e1h\u00e1 zlep\u0161it ple\u0165. St\u0159\u00edbro je extr\u00e9mn\u011b odoln\u00e9, luxusn\u011b t\u011b\u017ek\u00e9 a p\u0159irozen\u011b antimikrobi\u00e1ln\u00ed.<\/p>\n<p>Gua Sha m\u00e1 t\u0159i r\u016fzn\u00e9 k\u0159ivky, kter\u00e9 mas\u00edruj\u00ed r\u016fzn\u00e9 k\u0159ivky va\u0161eho obli\u010deje a t\u011bla. St\u0159edov\u00e1 dr\u0165 funguje jako p\u0159idr\u017eova\u010d prst\u016f a uklid\u0148uj\u00edc\u00ed k\u00e1men starost\u00ed.<\/p>\n<p>&nbsp;<\/p>\n<p>&nbsp;<\/p>\n<p>V\u00fdhody SilverNurse\u00ae Gua Sha:<\/p>\n<p>Uvol\u0148uje nap\u011bt\u00ed obli\u010deje<br \/>\nZvy\u0161uje elasticitu poko\u017eky, nap\u00edn\u00e1 a tonizuje poko\u017eku<br \/>\nZabra\u0148uje vzniku jemn\u00fdch linek a vr\u00e1sek<br \/>\nRedukuje otoky, o\u010dn\u00ed v\u00e1\u010dky a tmav\u00e9 kruhy kolem o\u010d\u00ed<br \/>\nPodporuje krevn\u00ed ob\u011bh v obli\u010deji pro p\u0159irozen\u00fd zdrav\u00fd lesk<br \/>\nPom\u00e1h\u00e1 pronikat kosmetick\u00e9 produkty, jako jsou ple\u0165ov\u00e9 kr\u00e9my a s\u00e9ra, hloub\u011bji do poko\u017eky pro lep\u0161\u00ed absorpci<\/p>\n<p>100% origin\u00e1ln\u00ed n\u00e1stroj Gua Sha<br \/>\n925 mincovn\u00ed st\u0159\u00edbro<br \/>\nJednoduch\u00e1 obsluha<br \/>\nPohodln\u00e9 no\u0161en\u00ed<br \/>\nZbavte se bolesti v r\u016fzn\u00fdch \u010d\u00e1stech t\u011bla<br \/>\nSt\u0159\u00edbrn\u00e9 v\u00fdrobky, odoln\u011bj\u0161\u00ed<br \/>\nVhodn\u00e9 pro lidi v\u0161ech v\u011bkov\u00fdch kategori\u00ed[\/vc_column_text][\/vc_column][\/vc_row]\n","protected":false},"excerpt":{"rendered":"<p>&#8222;SBOHEM O\u010cN\u00cdM KR\u00c9M\u016eM&#8220;<\/p>\n<p>Silver Gua Sha se p\u016fvodn\u011b pou\u017e\u00edv\u00e1 pro akupunkturn\u00ed mas\u00e1\u017e. SilverNurse Gua Sha je navr\u017eena tak, aby umo\u017enila neodborn\u00fdm u\u017eivatel\u016fm spr\u00e1vn\u011b mas\u00edrovat bez jak\u00fdchkoli pot\u00ed\u017e\u00ed. Sta\u010dily by 3 minuty ka\u017edodenn\u00ed aplikace a uchov\u00e1v\u00e1n\u00ed v chladn\u00e9m prost\u0159ed\u00ed!<\/p>\n<p>SilverNurse\u00ae Gua Sha v\u00e1m m\u016f\u017ee pomoci roz\u0161\u00ed\u0159it kapil\u00e1ry, podpo\u0159it krevn\u00ed ob\u011bh, zm\u00edrnit bolesti sval\u016f a rychle obnovit fyzick\u00fd stav. M\u016f\u017ee pomoci \u00fa\u010dinn\u011b l\u00e9\u010dit sr\u016fsty, zran\u011bn\u00ed a nadm\u011brn\u00e9 zat\u00ed\u017een\u00ed sval\u016f. Vhodn\u00e9 pro v\u00e1\u0161 krk, ramena, z\u00e1da, nohy, ruce, l\u00fdtka, stehna a dal\u0161\u00ed partie.<\/p>\n","protected":false},"featured_media":9813,"comment_status":"closed","ping_status":"closed","template":"","meta":[],"product_cat":[20],"product_tag":[73,72,33,29],"_links":{"self":[{"href":"https:\/\/old.silvernurseeu.com\/cs\/wp-json\/wp\/v2\/product\/10980"}],"collection":[{"href":"https:\/\/old.silvernurseeu.com\/cs\/wp-json\/wp\/v2\/product"}],"about":[{"href":"https:\/\/old.silvernurseeu.com\/cs\/wp-json\/wp\/v2\/types\/product"}],"replies":[{"embeddable":true,"href":"https:\/\/old.silvernurseeu.com\/cs\/wp-json\/wp\/v2\/comments?post=10980"}],"wp:featuredmedia":[{"embeddable":true,"href":"https:\/\/old.silvernurseeu.com\/cs\/wp-json\/wp\/v2\/media\/9813"}],"wp:attachment":[{"href":"https:\/\/old.silvernurseeu.com\/cs\/wp-json\/wp\/v2\/media?parent=10980"}],"wp:term":[{"taxonomy":"product_cat","embeddable":true,"href":"https:\/\/old.silvernurseeu.com\/cs\/wp-json\/wp\/v2\/product_cat?post=10980"},{"taxonomy":"product_tag","embeddable":true,"href":"https:\/\/old.silvernurseeu.com\/cs\/wp-json\/wp\/v2\/product_tag?post=10980"}],"curies":[{"name":"wp","href":"https:\/\/api.w.org\/{rel}","templated":true}]}}