{"id":8888,"date":"2021-03-17T14:11:08","date_gmt":"2021-03-17T14:11:08","guid":{"rendered":"https:\/\/www.silvernurseeu.com\/shop\/silvernurse-premium-silver-nurse-breast-cups\/"},"modified":"2022-07-12T13:02:38","modified_gmt":"2022-07-12T13:02:38","slug":"silvernurse-premium-silver-nurse-breast-cups","status":"publish","type":"product","link":"https:\/\/old.silvernurseeu.com\/cs\/shop\/silvernurse-premium-silver-nurse-breast-cups\/","title":{"rendered":"Prsn\u00ed ko\u0161\u00ed\u010dky SilverNurse\u00ae Premium Silver Nurse<span class=\"text-right\" style=\"position: absolute;right: 2px;top: 2px;width: 25%;height: 12.5%;\"><img alt=\"360 &deg; View\" title=\"360 &deg; View\" style=\"width: 100%; max-width: 43px; position: absolute;top: 0;right: 0;margin: 0 !important;\" src=\"https:\/\/www.silvernurseeu.com\/wp-content\/uploads\/2021\/07\/sr-attachment-icon-360_two.png\"\/><\/span>"},"content":{"rendered":"[vc_row][vc_column][vc_column_text]Jak pou\u017e\u00edvat SilverNurse<\/p>\n<p>Abyste p\u0159ede\u0161li nebo zm\u00edrnili bolav\u00e9 bradavky, nechte na konci kojen\u00ed v ka\u017ed\u00e9m kal\u00ed\u0161ku p\u00e1r kapek mate\u0159sk\u00e9ho ml\u00e9ka a um\u00edst\u011bte kal\u00ed\u0161ky p\u0159\u00edmo na bradavku jako ba\u0148kovou sklenici. Mezi jednotliv\u00fdmi kojen\u00edmi m\u011bjte SiverNurse zapnutou co nejv\u00edce. Odstra\u0148te kal\u00ed\u0161ky p\u0159ed kojen\u00edm. V kombinaci s SilverNurse nepou\u017e\u00edvejte \u017e\u00e1dn\u00e1 jin\u00e1 o\u0161et\u0159en\u00ed bradavek. Mohlo by to ohrozit nebo sn\u00ed\u017eit \u00fa\u010dinnost produktu.<\/p>\n<p>O\u0161et\u0159ovac\u00ed poh\u00e1rky SilverNurse jsou 100% ru\u010dn\u011b vyr\u00e1b\u011bn\u00e9 a na povrchu mohou vykazovat drobn\u00e9 nedokonalosti. Jsou \u010dist\u011b kosmetick\u00e9 a NEOVLIV\u0147UJ\u00cd \u00fa\u010dinnost ani bezpe\u010dnost produktu. Oxidace (zmatn\u011bn\u00ed) se m\u016f\u017ee u st\u0159\u00edbra p\u0159irozen\u011b vyskytovat a nem\u00e1 vliv na \u00fa\u010dinnost ani bezpe\u010dnost produktu. Dodr\u017eujte pros\u00edm pokyny, abyste p\u0159ede\u0161li a vy\u010distili mo\u017en\u00e9 zabarven\u00ed obsa\u017een\u00e9 v poh\u00e1rech SilverNurse.<\/p>\n<p>Vlastnosti<\/p>\n<p>&nbsp;<\/p>\n<p>M\u00e1 vysok\u00e9 standardy kvality (certifik\u00e1ty CE a ISO).<br \/>\nKlinicky testov\u00e1no<br \/>\nJe to 100% ru\u010dn\u00ed pr\u00e1ce.<br \/>\nneobsahuje nikl.<br \/>\nsnadn\u00e9 pou\u017eit\u00ed a pohodln\u00e9.<br \/>\nnavr\u017eeny jako jedna velikost.<br \/>\nNa v\u00fdrobu bylo pou\u017eito pouze 925 mincovn\u00ed st\u0159\u00edbro.<br \/>\nP\u016fsob\u00ed jako fyzick\u00fd \u0161t\u00edt pro t\u0159en\u00ed<br \/>\nnem\u00e1 \u017e\u00e1dn\u00fd vliv na chu\u0165 ani v\u016fni mate\u0159sk\u00e9ho ml\u00e9ka.<br \/>\nnevy\u017eaduje pou\u017eit\u00ed kr\u00e9mu, tak\u017ee va\u0161e miminko nen\u00ed vystaveno chemik\u00e1li\u00edm.<br \/>\nlze pou\u017e\u00edvat od posledn\u00edho t\u00fddne t\u011bhotenstv\u00ed.<br \/>\nKdy\u017e se nepou\u017e\u00edv\u00e1, m\u016f\u017eete jej ulo\u017eit do p\u0159epravky pr\u00e1dla, kter\u00e1 je dod\u00e1v\u00e1na s v\u00fdrobkem.<\/p>\n<p>Doporu\u010den\u00ed k pou\u017eit\u00ed,<\/p>\n<p>\u010cepice m\u016f\u017eete pou\u017e\u00edt na bradavku a pou\u017e\u00edvat je v podprsence po celou dobu krom\u011b kojen\u00ed.<\/p>\n<p>&nbsp;<\/p>\n<p>Pou\u017eit\u00ed pro koj\u00edc\u00ed matky:<\/p>\n<p>Doporu\u010dujeme pou\u017e\u00edvat na v\u0161echna koj\u00edc\u00ed prsa, v\u010detn\u011b dne a noci po porodu.<\/p>\n<p>\u010ci\u0161t\u011bn\u00ed:<\/p>\n<p>Nevy\u017eaduje pou\u017eit\u00ed kr\u00e9mu nebo myt\u00ed p\u0159ed kojen\u00edm.<br \/>\nnen\u00ed nutn\u00e9 \u010dasto pr\u00e1t, proto\u017ee je vyroben ze st\u0159\u00edbra ryzosti 925.<br \/>\nV p\u0159\u00edpad\u011b, \u017ee jsou v\u00e1m nep\u0159\u00edjemn\u00e9 zbytky ml\u00e9ka na va\u0161ich \u0161\u00e1lc\u00edch, posta\u010d\u00ed opl\u00e1chnout a osu\u0161it vodou.<br \/>\nNem\u011blo by se \u010distit \u017e\u00e1dn\u00fdmi chemik\u00e1liemi, jako je alkohol, ple\u0165ov\u00e1 voda, b\u011blidlo.<br \/>\nAbyste zabr\u00e1nili ztmavnut\u00ed v\u00ed\u010dek SilverNurse, m\u016f\u017eete je jednou m\u011bs\u00ed\u010dn\u011b vy\u010distit pot\u0159en\u00edm jedlou sodou.<br \/>\nJe d\u016fle\u017eit\u00e9, abyste po \u010di\u0161t\u011bn\u00ed d\u016fkladn\u011b opl\u00e1chli a vysu\u0161ili.<br \/>\nTi, kte\u0159\u00ed jsou alergi\u010dt\u00ed na st\u0159\u00edbro, by ho nem\u011bli pou\u017e\u00edvat.[\/vc_column_text][\/vc_column][\/vc_row]\n","protected":false},"excerpt":{"rendered":"<p>S ochrann\u00fdmi st\u0159\u00edbrn\u00fdmi kryty na bradavky, 100% hedv\u00e1bn\u00fdm v\u00e1\u010dkem a speci\u00e1ln\u011b navr\u017eenou krabi\u010dkou pro maminky a nast\u00e1vaj\u00edc\u00ed maminky je to ten nejlep\u0161\u00ed d\u00e1rek, kter\u00fd maminka m\u016f\u017ee dostat.<\/p>\n<p>SilverNurse jsou speci\u00e1ln\u00ed ochrann\u00e9 kryty vyroben\u00e9 ze st\u0159\u00edbra ryzosti 925 podle evropsk\u00fdch norem ur\u010den\u00e9 pro t\u011bhotn\u00e9 a \u010derstv\u00e9 maminky. Je vhodn\u00e9 pro maminky a nast\u00e1vaj\u00edc\u00ed maminky p\u0159i kojen\u00ed.<\/p>\n","protected":false},"featured_media":8808,"comment_status":"closed","ping_status":"closed","template":"","meta":[],"product_cat":[20],"product_tag":[],"_links":{"self":[{"href":"https:\/\/old.silvernurseeu.com\/cs\/wp-json\/wp\/v2\/product\/8888"}],"collection":[{"href":"https:\/\/old.silvernurseeu.com\/cs\/wp-json\/wp\/v2\/product"}],"about":[{"href":"https:\/\/old.silvernurseeu.com\/cs\/wp-json\/wp\/v2\/types\/product"}],"replies":[{"embeddable":true,"href":"https:\/\/old.silvernurseeu.com\/cs\/wp-json\/wp\/v2\/comments?post=8888"}],"wp:featuredmedia":[{"embeddable":true,"href":"https:\/\/old.silvernurseeu.com\/cs\/wp-json\/wp\/v2\/media\/8808"}],"wp:attachment":[{"href":"https:\/\/old.silvernurseeu.com\/cs\/wp-json\/wp\/v2\/media?parent=8888"}],"wp:term":[{"taxonomy":"product_cat","embeddable":true,"href":"https:\/\/old.silvernurseeu.com\/cs\/wp-json\/wp\/v2\/product_cat?post=8888"},{"taxonomy":"product_tag","embeddable":true,"href":"https:\/\/old.silvernurseeu.com\/cs\/wp-json\/wp\/v2\/product_tag?post=8888"}],"curies":[{"name":"wp","href":"https:\/\/api.w.org\/{rel}","templated":true}]}}