{"id":10981,"date":"2021-08-16T14:31:26","date_gmt":"2021-08-16T14:31:26","guid":{"rendered":"https:\/\/www.silvernurseeu.com\/shop\/silvernurse-925-sterling-pure-silver-gua-sha-massage-tool\/"},"modified":"2022-11-24T16:19:27","modified_gmt":"2022-11-24T16:19:27","slug":"silvernurse-925-sterling-pure-silver-gua-sha-massage-tool","status":"publish","type":"product","link":"https:\/\/old.silvernurseeu.com\/de\/shop\/silvernurse-925-sterling-pure-silver-gua-sha-massage-tool\/","title":{"rendered":"SilverNurse\u00ae Gua Sha Massageger\u00e4t aus 925er Sterlingsilber"},"content":{"rendered":"[vc_row][vc_column][vc_column_text]Wir stellen vor: SilverNurse SILVER GUA SHA. Es wird in der chinesischen Medizin zur Gewebeheilung verwendet und ist ein Kraftpaket eines Sch\u00f6nheitswerkzeugs, das die allgemeine Gesundheit der Haut f\u00f6rdert.<\/p>\n<p>SILVER GUA SHA ist daf\u00fcr bekannt, die Haut zu straffen, zu straffen und zu stimulieren. Dieses Gesichtsmassageger\u00e4t ist perfekt f\u00fcr die t\u00e4gliche Hautpflege geeignet und erm\u00f6glicht kontrollierten Druck und schmiegt sich an die Rundungen von Gesicht und Hals, um den Teint zu verbessern. Silber ist extrem haltbar, luxuri\u00f6s schwer und von Natur aus antimikrobiell.<\/p>\n<p>Der Gua Sha hat drei verschiedene Rundungen, die die unterschiedlichen Rundungen von Gesicht und K\u00f6rper massieren. Center Divot fungiert als Fingerhalt und beruhigender Sorgenstein.<\/p>\n<p>&nbsp;<\/p>\n<p>&nbsp;<\/p>\n<p>&nbsp;<\/p>\n<p>Vorteile von SilverNurse\u00ae Gua Sha:<\/p>\n<p>Lindert Verspannungen im Gesicht<br \/>\nVerbessert die Hautelastizit\u00e4t, strafft und tonisiert die Haut<br \/>\nVerhindert das Auftreten von feinen Linien und F\u00e4ltchen<br \/>\nReduziert Schwellungen, Tr\u00e4nens\u00e4cke und dunkle Ringe um die Augen<br \/>\nF\u00f6rdert die Durchblutung des Gesichts f\u00fcr einen nat\u00fcrlichen, gesunden Glanz<br \/>\nHilft, Sch\u00f6nheitsprodukte wie Gesichtscremes und Seren tiefer in die Haut einzudringen, um eine bessere Absorption zu erzielen<\/p>\n<p>&nbsp;<\/p>\n<p>100% originales Gua Sha Werkzeug<br \/>\n925er Sterling Silber<br \/>\nEinfache Bedienung<br \/>\nBequem zu tragen<br \/>\nLindert Schmerzen in verschiedenen K\u00f6rperteilen<br \/>\nSilberprodukte, haltbarer<br \/>\nGeeignet f\u00fcr Menschen jeden Alters[\/vc_column_text][\/vc_column][\/vc_row]\n","protected":false},"excerpt":{"rendered":"<p>\u201e AUF WIEDERSEHEN ZU AUGENCREME\u2018<\/p>\n<p>Silver Gua Sha wird urspr\u00fcnglich f\u00fcr die Akupunkturpunktmassage verwendet. SilverNurse Gua Sha wurde entwickelt, um es nicht erfahrenen Benutzern zu erm\u00f6glichen, ohne Schwierigkeiten richtig zu massieren. 3 Minuten t\u00e4glicher Anwendung und Aufbewahrung in einer kalten Umgebung w\u00fcrden ausreichen!<\/p>\n<p>SilverNurse\u00ae Gua Sha kann Ihnen helfen, die Kapillaren zu erweitern, die Durchblutung zu f\u00f6rdern, Muskelschmerzen zu lindern und die k\u00f6rperliche Verfassung schnell wiederherzustellen. Es kann helfen, Verwachsungen, Verletzungen und Muskel\u00fcberbeanspruchung effektiv zu behandeln. Geeignet f\u00fcr Nacken, Schultern, R\u00fccken, Beine, H\u00e4nde, Waden, Oberschenkel und andere Teile.<\/p>\n","protected":false},"featured_media":9814,"comment_status":"closed","ping_status":"closed","template":"","meta":[],"product_cat":[20],"product_tag":[73,72,33,29],"_links":{"self":[{"href":"https:\/\/old.silvernurseeu.com\/de\/wp-json\/wp\/v2\/product\/10981"}],"collection":[{"href":"https:\/\/old.silvernurseeu.com\/de\/wp-json\/wp\/v2\/product"}],"about":[{"href":"https:\/\/old.silvernurseeu.com\/de\/wp-json\/wp\/v2\/types\/product"}],"replies":[{"embeddable":true,"href":"https:\/\/old.silvernurseeu.com\/de\/wp-json\/wp\/v2\/comments?post=10981"}],"wp:featuredmedia":[{"embeddable":true,"href":"https:\/\/old.silvernurseeu.com\/de\/wp-json\/wp\/v2\/media\/9814"}],"wp:attachment":[{"href":"https:\/\/old.silvernurseeu.com\/de\/wp-json\/wp\/v2\/media?parent=10981"}],"wp:term":[{"taxonomy":"product_cat","embeddable":true,"href":"https:\/\/old.silvernurseeu.com\/de\/wp-json\/wp\/v2\/product_cat?post=10981"},{"taxonomy":"product_tag","embeddable":true,"href":"https:\/\/old.silvernurseeu.com\/de\/wp-json\/wp\/v2\/product_tag?post=10981"}],"curies":[{"name":"wp","href":"https:\/\/api.w.org\/{rel}","templated":true}]}}