{"id":15303,"date":"2021-12-30T08:17:55","date_gmt":"2021-12-30T08:17:55","guid":{"rendered":"https:\/\/www.silvernurseeu.com\/?post_type=product&#038;p=15303"},"modified":"2022-11-24T16:19:11","modified_gmt":"2022-11-24T16:19:11","slug":"body-sock-sensory","status":"publish","type":"product","link":"https:\/\/old.silvernurseeu.com\/de\/shop\/body-sock-sensory\/","title":{"rendered":"BODY SOCKEN SENSORY"},"content":{"rendered":"[vc_row][vc_column][vc_column_text]Ein Bodysock wird zur sensorischen Regulierung verwendet, um einen ruhigen, aber aufmerksamen Zustand aufrechtzuerhalten; wo Impulse, Emotionen und Verhalten im Zaum gehalten werden. Es bietet dem Teilnehmer gleichzeitig einen beruhigenden und organisierenden Input am ganzen K\u00f6rper. Die Verwendung eines Bodysocks kann die F\u00e4higkeit der K\u00f6rperwahrnehmung f\u00f6rdern, zu wissen, wo sich dein K\u00f6rper im Raum befindet \u2013 das hei\u00dft, wo dein K\u00f6rper beginnt und endet und wie nah er an anderen Objekten und Menschen ist.<\/p>\n<p>Die Bodysocke gibt beim Tragen ein sofortiges Feedback an das taktile und propriozeptive System, sowohl in einer statischen Position als auch f\u00fcr dynamische bewegungsbasierte Aufgaben. Das Klettern in einem Body kann den visuellen Input minimieren, insbesondere wenn die Umgebung \u00fcberw\u00e4ltigend ist. Es kann auf motorische Planungsf\u00e4higkeiten abzielen; fordert den Benutzer heraus, herauszufinden, wie er den K\u00f6rper w\u00e4hrend des Tragens bewegen soll.<\/p>\n<p>Entwicklungsbereich:<\/p>\n<p>Propriozeption<br \/>\nVestibularsystem<br \/>\nK\u00f6rperbewusstsein<\/p>\n<p>Wer kann profitieren:<\/p>\n<p>K\u00e4mpfe mit vestibul\u00e4rer Verarbeitung<br \/>\nUnbeholfen oder unkoordiniert<br \/>\nAngst vor Bewegung<br \/>\nSucht nach Bewegung<br \/>\nK\u00e4mpfe mit propriozeptiver Verarbeitung<br \/>\nSucht tiefen Druck<br \/>\nLiebt es zu springen und abzust\u00fcrzen<\/p>\n<p>Body Sock bietet 3 Haupttypen von Eingaben; Propriozeptive Eingabe, taktile Eingabe, vestibul\u00e4re Eingabe, alle drei zusammen geben Ihrem Kind multisensorische Verarbeitung.<\/p>\n<p>Wie kann man genie\u00dfen?<\/p>\n<p>Pop-Spiel, Rollen, Yoga-Posen, Bunny-Hop-Rennen, Tanzen, Alphabet-Spiel, ruhige Zeit; Es gibt unz\u00e4hlige M\u00f6glichkeiten, einen Body Socke zu verwenden![\/vc_column_text][\/vc_column][\/vc_row]\n","protected":false},"excerpt":{"rendered":"<p>Ein Bodysock wird zur sensorischen Regulierung verwendet, um einen ruhigen, aber aufmerksamen Zustand aufrechtzuerhalten; wo Impulse, Emotionen und Verhalten im Zaum gehalten werden. Es bietet dem Teilnehmer gleichzeitig einen beruhigenden und organisierenden Input am ganzen K\u00f6rper. Die Verwendung eines Bodysocks kann die F\u00e4higkeit der K\u00f6rperwahrnehmung f\u00f6rdern, zu wissen, wo sich dein K\u00f6rper im Raum befindet \u2013 das hei\u00dft, wo dein K\u00f6rper beginnt und endet und wie nah er an anderen Objekten und Menschen ist.<\/p>\n<p>Die Bodysocke gibt beim Tragen ein sofortiges Feedback an das taktile und propriozeptive System, sowohl in einer statischen Position als auch f\u00fcr dynamische bewegungsbasierte Aufgaben. Das Klettern in einem Body kann den visuellen Input minimieren, insbesondere wenn die Umgebung \u00fcberw\u00e4ltigend ist. Es kann auf motorische Planungsf\u00e4higkeiten abzielen; fordert den Benutzer heraus, herauszufinden, wie er den K\u00f6rper w\u00e4hrend des Tragens bewegen soll.<\/p>\n<p>Entwicklungsbereich:<\/p>\n<p>Propriozeption<br \/>\nVestibularsystem<br \/>\nK\u00f6rperbewusstsein<\/p>\n<p>Wer kann profitieren:<\/p>\n<p>K\u00e4mpfe mit vestibul\u00e4rer Verarbeitung<br \/>\nUnbeholfen oder unkoordiniert<br \/>\nAngst vor Bewegung<br \/>\nSucht nach Bewegung<br \/>\nK\u00e4mpfe mit propriozeptiver Verarbeitung<br \/>\nSucht tiefen Druck<br \/>\nLiebt es zu springen und abzust\u00fcrzen<\/p>\n<p>Body Sock bietet 3 Haupttypen von Eingaben; Propriozeptive Eingabe, taktile Eingabe, vestibul\u00e4re Eingabe, alle drei zusammen geben Ihrem Kind multisensorische Verarbeitung.<\/p>\n<p>Wie kann man genie\u00dfen?<\/p>\n<p>Pop-Spiel, Rollen, Yoga-Posen, Bunny-Hop-Rennen, Tanzen, Alphabet-Spiel, ruhige Zeit; Es gibt unz\u00e4hlige M\u00f6glichkeiten, einen Body Socke zu verwenden!<\/p>\n","protected":false},"featured_media":15275,"comment_status":"closed","ping_status":"closed","template":"","meta":[],"product_cat":[20],"product_tag":[29],"_links":{"self":[{"href":"https:\/\/old.silvernurseeu.com\/de\/wp-json\/wp\/v2\/product\/15303"}],"collection":[{"href":"https:\/\/old.silvernurseeu.com\/de\/wp-json\/wp\/v2\/product"}],"about":[{"href":"https:\/\/old.silvernurseeu.com\/de\/wp-json\/wp\/v2\/types\/product"}],"replies":[{"embeddable":true,"href":"https:\/\/old.silvernurseeu.com\/de\/wp-json\/wp\/v2\/comments?post=15303"}],"wp:featuredmedia":[{"embeddable":true,"href":"https:\/\/old.silvernurseeu.com\/de\/wp-json\/wp\/v2\/media\/15275"}],"wp:attachment":[{"href":"https:\/\/old.silvernurseeu.com\/de\/wp-json\/wp\/v2\/media?parent=15303"}],"wp:term":[{"taxonomy":"product_cat","embeddable":true,"href":"https:\/\/old.silvernurseeu.com\/de\/wp-json\/wp\/v2\/product_cat?post=15303"},{"taxonomy":"product_tag","embeddable":true,"href":"https:\/\/old.silvernurseeu.com\/de\/wp-json\/wp\/v2\/product_tag?post=15303"}],"curies":[{"name":"wp","href":"https:\/\/api.w.org\/{rel}","templated":true}]}}