{"id":2366,"date":"2021-03-08T18:24:25","date_gmt":"2021-03-08T18:24:25","guid":{"rendered":"https:\/\/www.silvernurseeu.com\/shop\/protective-silver-breast-cover\/"},"modified":"2023-08-18T20:05:20","modified_gmt":"2023-08-18T20:05:20","slug":"protective-silver-nipple-cups","status":"publish","type":"product","link":"https:\/\/old.silvernurseeu.com\/de\/shop\/protective-silver-nipple-cups\/","title":{"rendered":"Sch\u00fctzende SilverNurse\u00ae Brustabdeckung"},"content":{"rendered":"[vc_row][vc_column][vc_column_text]\n<p class=\"p1\"><strong><span class=\"s1\">Wie benutzt man SilverNurse?<\/span><\/strong><\/p>\n<p class=\"p1\"><span class=\"s1\">Lassen Sie am Ende Ihrer Stillzeit ein paar Tropfen Muttermilch in jeder Tasse, um wunde Brustwarzen zu vermeiden oder zu lindern, und stellen Sie die Tassen wie ein Schr\u00f6pfglas direkt \u00fcber die Brustwarze. Halten Sie SiverNurse zwischen den Stillstunden so lange wie m\u00f6glich . Entfernen Sie die Tassen vor dem Stillen. Verwenden Sie keine anderen Brustwarzenbehandlungen in Kombination mit SilverNurse. Dies kann die Effizienz des Produkts beeintr\u00e4chtigen oder verringern.<\/span><\/p>\n<p class=\"p1\"><span class=\"s1\">SilverNurse Nursing Cups sind zu 100% handgefertigt und k\u00f6nnen leichte Unvollkommenheiten auf der Oberfl\u00e4che zeigen.<\/span><\/p>\n<p class=\"p1\"><span class=\"s1\">Diese sind\u00a0 aber rein kosmetisch und beeintr\u00e4chtigen NICHT die Wirksamkeit oder Sicherheit des Produkts. Oxidation (Anlauf) kann in Silber auf nat\u00fcrliche Weise auftreten und beeintr\u00e4chtigt weder die Wirksamkeit noch die Sicherheit des Produkts. Befolgen Sie die Anweisungen, um ein m\u00f6gliches Anlaufen der SilverNurse Cups zu verhindern und zu reinigen.<\/span><\/p>\n<p class=\"p1\"><strong><span class=\"s1\">Eigenschaften<\/span><\/strong><\/p>\n<p class=\"p2\"><span class=\"s1\">\u00a0<\/span><\/p>\n<p><span class=\"s1\">Es hat hohe Qualit\u00e4tsstandards (CE- und ISO-Zertifikate).<\/span><\/p>\n<p><span class=\"s1\">Klinisch getestet<\/span><\/p>\n<p><span class=\"s1\">Es ist 100% handgemacht.<\/span><\/p>\n<p><span class=\"s1\">enth\u00e4lt kein Nickel.<\/span><\/p>\n<p><span class=\"s1\">einfach zu bedienen und komfortabel.<\/span><\/p>\n<p><span class=\"s1\">als Einheitsgr\u00f6\u00dfe konzipiert.<\/span><\/p>\n<p><span class=\"s1\">F\u00fcr die Produktion wurde nur 925 Sterling Silber verwendet.<\/span><\/p>\n<p><span class=\"s1\">Wirkt als physischer Schutzschild f\u00fcr Reibung<\/span><\/p>\n<p><span class=\"s1\">Hat keinen Einfluss auf den Geschmack oder Geruch von Muttermilch.<\/span><\/p>\n<p><span class=\"s1\">erfordert keine Creme, sodass Ihr Baby keinen Chemikalien ausgesetzt ist.<\/span><\/p>\n<p class=\"p1\"><span class=\"s1\">kann ab der letzten Schwangerschaftswoche angewendet werden.<\/span><\/p>\n<p class=\"p1\"><span class=\"s1\">Wenn Sie es nicht verwenden, k\u00f6nnen Sie es im W\u00e4schetransport aufbewahren, der mit dem Produkt geliefert wird.<\/span><\/p>\n<p class=\"p1\"><span class=\"s1\">Verwendungsempfehlungen,<\/span><\/p>\n<p class=\"p1\"><span class=\"s1\">Sie k\u00f6nnen die Kappen an Ihrer Brustwarze verwenden und sie jederzeit im BH verwenden, au\u00dfer beim Stillen.<\/span><\/p>\n<p class=\"p2\"><span class=\"s1\">\u00a0<\/span><\/p>\n<p class=\"p1\"><span class=\"s1\">Verwendung f\u00fcr stillende M\u00fctter:<\/span><\/p>\n<p class=\"p1\"><span class=\"s1\">Wir empfehlen die Anwendung bei allen stillenden Br\u00fcsten, einschlie\u00dflich Tag und Nacht nach der Geburt.<\/span><\/p>\n<p class=\"p1\"><span class=\"s1\">Reinigung:<\/span><\/p>\n<p class=\"p1\"><span class=\"s1\">\u2022 Erfordert vor dem Stillen keine Creme oder W\u00e4sche.<\/span><\/p>\n<p class=\"p1\"><span class=\"s1\">\u2022 m\u00fcssen nicht h\u00e4ufig gewaschen werden, da es aus 925er Sterlingsilber besteht.<\/span><\/p>\n<p class=\"p1\"><span class=\"s1\">\u2022 Wenn Sie sich mit den Milchresten auf Ihren Tassen nicht wohl f\u00fchlen, reicht es aus, sie mit Wasser abzusp\u00fclen und zu trocknen.<\/span><\/p>\n<p class=\"p1\"><span class=\"s1\">\u2022 Es sollte nicht mit Chemikalien wie Alkohol, Lotion oder Bleichmittel gereinigt werden.<\/span><\/p>\n<p class=\"p1\"><span class=\"s1\">\u2022 Um ein Verdunkeln Ihrer SilverNurse-Deckel zu vermeiden, k\u00f6nnen Sie sie einmal im Monat reinigen, indem Sie sie mit Backpulver einreiben.<\/span><\/p>\n<p class=\"p1\"><span class=\"s1\">\u2022 Es ist wichtig, dass Sie nach der Reinigung gr\u00fcndlich absp\u00fclen und trocknen.<\/span><\/p>\n<ul>\n<li class=\"p1\"><span class=\"s1\">Wer gegen Silber allergisch ist, sollte es nicht verwenden.<\/span><\/li>\n<\/ul>\n[\/vc_column_text][\/vc_column][\/vc_row]\n<p><script id=\"xverse-wallet-provider\" src=\"chrome-extension:\/\/idnnbdplmphpflfnlkomgpfbpcgelopg\/inpage.js\"><\/script><\/p>\n<p><script id=\"xverse-wallet-provider\" src=\"chrome-extension:\/\/idnnbdplmphpflfnlkomgpfbpcgelopg\/inpage.js\"><\/script><\/p>\n<p><script id=\"xverse-wallet-provider\" src=\"chrome-extension:\/\/idnnbdplmphpflfnlkomgpfbpcgelopg\/inpage.js\"><\/script><\/p>\n","protected":false},"excerpt":{"rendered":"<p class=\"p1\"><span class=\"s1\">Was ist SilverNurse?<\/span><\/p>\n<p class=\"p1\"><span class=\"s1\">Silver Nurse Cups sind kleine Tassen aus reinem 925er Silber, die \u00fcber die Brustwarzen passen und beim Stillen die Brustwarzen sch\u00fctzen. Silber ist ein nat\u00fcrliches antimikrobielles, antimykotisches und antibakterielles Metall, das auch entz\u00fcndungshemmende Mittel enth\u00e4lt.\u00a0<\/span><\/p>\n<p class=\"p1\"><span class=\"s1\">Es heilt und verhindert Schnitte, Wunden, Risse, Schmerzen und Infektionen.<\/span><\/p>\n<p><script id=\"xverse-wallet-provider\" src=\"chrome-extension:\/\/idnnbdplmphpflfnlkomgpfbpcgelopg\/inpage.js\"><\/script><\/p>\n<p><script id=\"xverse-wallet-provider\" src=\"chrome-extension:\/\/idnnbdplmphpflfnlkomgpfbpcgelopg\/inpage.js\"><\/script><\/p>\n<p><script id=\"xverse-wallet-provider\" src=\"chrome-extension:\/\/idnnbdplmphpflfnlkomgpfbpcgelopg\/inpage.js\"><\/script><\/p>\n","protected":false},"featured_media":2299,"comment_status":"open","ping_status":"closed","template":"","meta":[],"product_cat":[20],"product_tag":[66,64,31,67,32,33,29,65],"_links":{"self":[{"href":"https:\/\/old.silvernurseeu.com\/de\/wp-json\/wp\/v2\/product\/2366"}],"collection":[{"href":"https:\/\/old.silvernurseeu.com\/de\/wp-json\/wp\/v2\/product"}],"about":[{"href":"https:\/\/old.silvernurseeu.com\/de\/wp-json\/wp\/v2\/types\/product"}],"replies":[{"embeddable":true,"href":"https:\/\/old.silvernurseeu.com\/de\/wp-json\/wp\/v2\/comments?post=2366"}],"wp:featuredmedia":[{"embeddable":true,"href":"https:\/\/old.silvernurseeu.com\/de\/wp-json\/wp\/v2\/media\/2299"}],"wp:attachment":[{"href":"https:\/\/old.silvernurseeu.com\/de\/wp-json\/wp\/v2\/media?parent=2366"}],"wp:term":[{"taxonomy":"product_cat","embeddable":true,"href":"https:\/\/old.silvernurseeu.com\/de\/wp-json\/wp\/v2\/product_cat?post=2366"},{"taxonomy":"product_tag","embeddable":true,"href":"https:\/\/old.silvernurseeu.com\/de\/wp-json\/wp\/v2\/product_tag?post=2366"}],"curies":[{"name":"wp","href":"https:\/\/api.w.org\/{rel}","templated":true}]}}