{"id":8889,"date":"2021-03-17T14:11:08","date_gmt":"2021-03-17T14:11:08","guid":{"rendered":"https:\/\/www.silvernurseeu.com\/shop\/silvernurse-premium-silver-nurse-breast-cups\/"},"modified":"2022-11-24T16:22:57","modified_gmt":"2022-11-24T16:22:57","slug":"silvernurse-premium-silver-nurse-breast-cups","status":"publish","type":"product","link":"https:\/\/old.silvernurseeu.com\/de\/shop\/silvernurse-premium-silver-nurse-breast-cups\/","title":{"rendered":"SilverNurse\u00ae Premium Silver Nurse Brusttassen<span class=\"text-right\" style=\"position: absolute;right: 2px;top: 2px;width: 25%;height: 12.5%;\"><img alt=\"360 &deg; View\" title=\"360 &deg; View\" style=\"width: 100%; max-width: 43px; position: absolute;top: 0;right: 0;margin: 0 !important;\" src=\"https:\/\/www.silvernurseeu.com\/wp-content\/uploads\/2021\/07\/sr-attachment-icon-360_two.png\"\/><\/span>"},"content":{"rendered":"[vc_row][vc_column][vc_column_text]So verwenden Sie SilverNurse<\/p>\n<p>Um wunde Brustwarzen zu vermeiden oder zu lindern, lassen Sie am Ende Ihrer Stillsitzung ein paar Tropfen Muttermilch in jede Tasse und legen Sie die Tassen wie ein Schr\u00f6pfglas direkt \u00fcber die Brustwarze. Lassen Sie SiverNurse zwischen den Stillsitzungen so oft wie m\u00f6glich eingeschaltet. Entfernen Sie die K\u00f6rbchen vor dem Stillen. Verwenden Sie keine anderen Brustwarzenbehandlungen in Kombination mit SilverNurse. Dies kann die Leistungsf\u00e4higkeit des Produkts beeintr\u00e4chtigen oder verringern.<\/p>\n<p>SilverNurse Stillbecher werden zu 100 % von Hand gefertigt und k\u00f6nnen leichte Unvollkommenheiten auf der Oberfl\u00e4che aufweisen. Diese sind rein kosmetischer Natur und beeintr\u00e4chtigen NICHT die Wirksamkeit oder Sicherheit des Produkts. Oxidation (Anlauf) kann bei Silber nat\u00fcrlich vorkommen und beeintr\u00e4chtigt nicht die Wirksamkeit oder Sicherheit des Produkts. Bitte befolgen Sie die Anweisungen, um das m\u00f6gliche Anlaufen der SilverNurse Cups zu verhindern und zu reinigen.<\/p>\n<p>Eigenschaften<\/p>\n<p>&nbsp;<\/p>\n<p>Es hat hohe Qualit\u00e4tsstandards (CE- und ISO-Zertifikate).<br \/>\nKlinisch getestet<br \/>\nEs ist 100 % Handarbeit.<br \/>\nenth\u00e4lt kein Nickel.<br \/>\neinfach zu bedienen und komfortabel.<br \/>\nals Einheitsgr\u00f6\u00dfe konzipiert.<br \/>\nF\u00fcr die Herstellung wurde nur 925er Sterlingsilber verwendet.<br \/>\nWirkt als physischer Schutzschild f\u00fcr Reibung<br \/>\nhat keinen Einfluss auf den Geschmack oder Geruch von Muttermilch.<br \/>\nben\u00f6tigt keine Creme, so dass Ihr Baby keinen Chemikalien ausgesetzt ist.<br \/>\nkann ab der letzten Schwangerschaftswoche verwendet werden.<br \/>\nBei Nichtgebrauch k\u00f6nnen Sie es im mitgelieferten W\u00e4schetransport verstauen.<\/p>\n<p>Nutzungsempfehlungen,<\/p>\n<p>Sie k\u00f6nnen die Kappen an Ihrer Brustwarze verwenden und sie jederzeit au\u00dfer zum Stillen im BH verwenden.<\/p>\n<p>&nbsp;<\/p>\n<p>Verwendung f\u00fcr stillende M\u00fctter:<\/p>\n<p>Wir empfehlen die Anwendung in allen stillenden Br\u00fcsten, auch Tag und Nacht nach der Geburt.<\/p>\n<p>Reinigung:<\/p>\n<p>Erfordert keine Anwendung von Creme oder Waschen vor dem Stillen.<br \/>\nMuss nicht oft gewaschen werden, da es aus 925er Sterlingsilber besteht.<br \/>\nFalls Ihnen die Milchr\u00fcckst\u00e4nde auf Ihren Tassen unangenehm sind, reicht es aus, sie mit Wasser abzusp\u00fclen und zu trocknen.<br \/>\nEs sollte nicht mit Chemikalien wie Alkohol, Lotion, Bleichmittel gereinigt werden.<br \/>\nUm eine Verdunkelung Ihrer SilverNurse-Deckel zu vermeiden, k\u00f6nnen Sie sie einmal im Monat reinigen, indem Sie sie mit Backpulver einreiben.<br \/>\nEs ist wichtig, dass Sie nach der Reinigung gr\u00fcndlich absp\u00fclen und trocknen.<br \/>\nWer auf Silber allergisch reagiert, sollte es nicht verwenden.[\/vc_column_text][\/vc_column][\/vc_row]\n","protected":false},"excerpt":{"rendered":"<p>Mit sch\u00fctzenden Premium-Nippel\u00fcberz\u00fcgen f\u00fcr Krankenschwestern in Silber, einem Beutel aus 100 % Seide und einer speziell entwickelten Box f\u00fcr M\u00fctter und werdende M\u00fctter ist es das beste Geschenk, das eine Mutter erhalten kann.<\/p>\n<p>SilverNurse sind spezielle Schutzh\u00fcllen aus 925er Sterlingsilber nach europ\u00e4ischen Standards f\u00fcr Schwangere und werdende M\u00fctter. Sie ist f\u00fcr M\u00fctter und werdende M\u00fctter w\u00e4hrend der Stillzeit geeignet.<\/p>\n","protected":false},"featured_media":8809,"comment_status":"closed","ping_status":"closed","template":"","meta":[],"product_cat":[20],"product_tag":[29],"_links":{"self":[{"href":"https:\/\/old.silvernurseeu.com\/de\/wp-json\/wp\/v2\/product\/8889"}],"collection":[{"href":"https:\/\/old.silvernurseeu.com\/de\/wp-json\/wp\/v2\/product"}],"about":[{"href":"https:\/\/old.silvernurseeu.com\/de\/wp-json\/wp\/v2\/types\/product"}],"replies":[{"embeddable":true,"href":"https:\/\/old.silvernurseeu.com\/de\/wp-json\/wp\/v2\/comments?post=8889"}],"wp:featuredmedia":[{"embeddable":true,"href":"https:\/\/old.silvernurseeu.com\/de\/wp-json\/wp\/v2\/media\/8809"}],"wp:attachment":[{"href":"https:\/\/old.silvernurseeu.com\/de\/wp-json\/wp\/v2\/media?parent=8889"}],"wp:term":[{"taxonomy":"product_cat","embeddable":true,"href":"https:\/\/old.silvernurseeu.com\/de\/wp-json\/wp\/v2\/product_cat?post=8889"},{"taxonomy":"product_tag","embeddable":true,"href":"https:\/\/old.silvernurseeu.com\/de\/wp-json\/wp\/v2\/product_tag?post=8889"}],"curies":[{"name":"wp","href":"https:\/\/api.w.org\/{rel}","templated":true}]}}