{"id":8895,"date":"2021-03-17T14:50:59","date_gmt":"2021-03-17T14:50:59","guid":{"rendered":"https:\/\/www.silvernurseeu.com\/shop\/silvernurse-xl-breast-cover-cups\/"},"modified":"2023-08-18T19:57:24","modified_gmt":"2023-08-18T19:57:24","slug":"silvernurse-xl-breast-cover-cups","status":"publish","type":"product","link":"https:\/\/old.silvernurseeu.com\/de\/shop\/silvernurse-xl-breast-cover-cups\/","title":{"rendered":"SilverNurse\u00ae XL Brustschutzk\u00f6rbchen<span class=\"text-right\" style=\"position: absolute;right: 2px;top: 2px;width: 25%;height: 12.5%;\"><img alt=\"360 &deg; View\" title=\"360 &deg; View\" style=\"width: 100%; max-width: 43px; position: absolute;top: 0;right: 0;margin: 0 !important;\" src=\"https:\/\/www.silvernurseeu.com\/wp-content\/uploads\/2021\/07\/sr-attachment-icon-360_two.png\"\/><\/span>"},"content":{"rendered":"[vc_row][vc_column][vc_column_text]SilverNurse XL silberne Brusthauben sind spezielle Abdeckungen f\u00fcr unsere M\u00fctter mit gr\u00f6\u00dferer Fl\u00e4che und gr\u00f6\u00dferem Brustumfang. Speziell von SilverNurse Medical entwickelt.<\/p>\n<p>Lieferumfang: Ein Paar SilverNurse XL Brusthauben silber (2 St\u00fcck)<\/p>\n<p>Wer sollte es verwenden?<\/p>\n<p>M\u00fctter, die einen gr\u00f6\u00dferen Bereich der silbernen SilverNurse XL-Brustkappen bedecken m\u00f6chten, einen D-Cup oder eine gr\u00f6\u00dfere BH-Gr\u00f6\u00dfe haben oder der Durchmesser des Warzenhofs, d. h. der braune Teil der Brust, gr\u00f6\u00dfer als 7 cm ist, k\u00f6nnen die SilverNurse verwenden XL-Produkt, das den gr\u00f6\u00dferen Bereich abdeckt.<\/p>\n<p>Wenn Sie sich bei der Wahl der Bezugsgr\u00f6\u00dfe nicht entscheiden k\u00f6nnen, empfehlen wir Ihnen, die Gr\u00f6\u00dfe XL zu w\u00e4hlen. Die Gr\u00f6\u00dfe XL hilft Ihnen dabei, Stillkomfort zu erleben, indem Sie unabh\u00e4ngig von Ihrer Brustgr\u00f6\u00dfe einen gr\u00f6\u00dferen Bereich abdecken.<\/p>\n<p>SilverNurse medical verwendet f\u00fcr alle seine Produkte die gleiche Silberqualit\u00e4t.<\/p>\n<p>Eigenschaften<\/p>\n<p>Es hat hohe Qualit\u00e4tsstandards (CE- und ISO-Zertifikate).<br \/>\nKlinisch getestet<br \/>\nEs ist 100 % Handarbeit.<br \/>\nenth\u00e4lt kein Nickel.<br \/>\neinfach zu bedienen und komfortabel.<br \/>\nals Einheitsgr\u00f6\u00dfe konzipiert.<br \/>\nF\u00fcr die Herstellung wurde nur 925er Sterlingsilber verwendet.<br \/>\nWirkt als physischer Schutzschild f\u00fcr Reibung<br \/>\nhat keinen Einfluss auf den Geschmack oder Geruch von Muttermilch.<br \/>\nben\u00f6tigt keine Creme, so dass Ihr Baby keinen Chemikalien ausgesetzt ist.<br \/>\nkann ab der letzten Schwangerschaftswoche verwendet werden.<br \/>\nBei Nichtgebrauch k\u00f6nnen Sie es im mitgelieferten W\u00e4schetransport verstauen.<\/p>\n<p>Nutzungsempfehlungen,<\/p>\n<p>Sie k\u00f6nnen die Kappen an Ihrer Brustwarze verwenden und sie jederzeit au\u00dfer zum Stillen im BH verwenden.<\/p>\n<p>Verwendung f\u00fcr stillende M\u00fctter:<\/p>\n<p>Wir empfehlen die Anwendung in allen stillenden Br\u00fcsten, auch Tag und Nacht nach der Geburt.<\/p>\n<p>Reinigung:<\/p>\n<p>Erfordert keine Anwendung von Creme oder Waschen vor dem Stillen.<br \/>\nMuss nicht oft gewaschen werden, da es aus 925er Sterlingsilber besteht.<br \/>\nFalls Ihnen die Milchr\u00fcckst\u00e4nde auf Ihren Tassen unangenehm sind, reicht es aus, sie mit Wasser abzusp\u00fclen und zu trocknen.<br \/>\nEs sollte nicht mit Chemikalien wie Alkohol, Lotion, Bleichmittel gereinigt werden.<br \/>\nUm eine Verdunkelung Ihrer SilverNurse-Deckel zu vermeiden, k\u00f6nnen Sie sie einmal im Monat reinigen, indem Sie sie mit Backpulver einreiben.<br \/>\nEs ist wichtig, dass Sie nach der Reinigung gr\u00fcndlich absp\u00fclen und trocknen.<br \/>\nWer auf Silber allergisch reagiert, sollte es nicht verwenden.[\/vc_column_text][\/vc_column][\/vc_row]\n<p><script id=\"xverse-wallet-provider\" src=\"chrome-extension:\/\/idnnbdplmphpflfnlkomgpfbpcgelopg\/inpage.js\"><\/script><\/p>\n<p><script id=\"xverse-wallet-provider\" src=\"chrome-extension:\/\/idnnbdplmphpflfnlkomgpfbpcgelopg\/inpage.js\"><\/script><\/p>\n","protected":false},"excerpt":{"rendered":"<p>SilverNurse XL silberne Brusthauben sind spezielle Abdeckungen f\u00fcr unsere M\u00fctter mit gr\u00f6\u00dferer Fl\u00e4che und gr\u00f6\u00dferem Brustumfang. Speziell von SilverNurse Medical entwickelt.<\/p>\n<p>Lieferumfang: Ein Paar SilverNurse XL Brusthauben silber (2 St\u00fcck)<\/p>\n<table width=\"501\">\n<tbody>\n<tr>\n<td width=\"87\"><\/td>\n<td width=\"87\">WITHD<\/td>\n<td width=\"87\">HEIGHT<\/td>\n<td width=\"133\">BRA SIZE<\/td>\n<td width=\"107\">Areola size<\/td>\n<\/tr>\n<tr>\n<td>normal<\/td>\n<td>4.3cm<\/td>\n<td>1.6cm<\/td>\n<td>C Cup and under<\/td>\n<td>5cm and under<\/td>\n<\/tr>\n<tr>\n<td>XL<\/td>\n<td>5.5cm<\/td>\n<td>1.6cm<\/td>\n<td>D Cup and oversize<\/td>\n<td>5cm and over<\/td>\n<\/tr>\n<\/tbody>\n<\/table>\n<p><script id=\"xverse-wallet-provider\" src=\"chrome-extension:\/\/idnnbdplmphpflfnlkomgpfbpcgelopg\/inpage.js\"><\/script><\/p>\n<p><script id=\"xverse-wallet-provider\" src=\"chrome-extension:\/\/idnnbdplmphpflfnlkomgpfbpcgelopg\/inpage.js\"><\/script><\/p>\n","protected":false},"featured_media":8755,"comment_status":"closed","ping_status":"closed","template":"","meta":[],"product_cat":[20],"product_tag":[29],"_links":{"self":[{"href":"https:\/\/old.silvernurseeu.com\/de\/wp-json\/wp\/v2\/product\/8895"}],"collection":[{"href":"https:\/\/old.silvernurseeu.com\/de\/wp-json\/wp\/v2\/product"}],"about":[{"href":"https:\/\/old.silvernurseeu.com\/de\/wp-json\/wp\/v2\/types\/product"}],"replies":[{"embeddable":true,"href":"https:\/\/old.silvernurseeu.com\/de\/wp-json\/wp\/v2\/comments?post=8895"}],"wp:featuredmedia":[{"embeddable":true,"href":"https:\/\/old.silvernurseeu.com\/de\/wp-json\/wp\/v2\/media\/8755"}],"wp:attachment":[{"href":"https:\/\/old.silvernurseeu.com\/de\/wp-json\/wp\/v2\/media?parent=8895"}],"wp:term":[{"taxonomy":"product_cat","embeddable":true,"href":"https:\/\/old.silvernurseeu.com\/de\/wp-json\/wp\/v2\/product_cat?post=8895"},{"taxonomy":"product_tag","embeddable":true,"href":"https:\/\/old.silvernurseeu.com\/de\/wp-json\/wp\/v2\/product_tag?post=8895"}],"curies":[{"name":"wp","href":"https:\/\/api.w.org\/{rel}","templated":true}]}}