{"id":8901,"date":"2021-03-17T15:00:10","date_gmt":"2021-03-17T15:00:10","guid":{"rendered":"https:\/\/www.silvernurseeu.com\/shop\/silveriq-colourful-rainbow-stacker-waldorf-approach-montessori-schooling-systemtoy-wooden-craft-baby-gift-12pcs\/"},"modified":"2022-11-24T16:19:41","modified_gmt":"2022-11-24T16:19:41","slug":"silveriq-colourful-rainbow-stacker-waldorf-montessori","status":"publish","type":"product","link":"https:\/\/old.silvernurseeu.com\/de\/shop\/silveriq-colourful-rainbow-stacker-waldorf-montessori\/","title":{"rendered":"SilverIQ Bunter Regenbogenstapler, Waldorfansatz, Montessori"},"content":{"rendered":"<p><span style=\"vertical-align: inherit;\"><span style=\"vertical-align: inherit;\">[vc_row] [vc_column] [vc_column_text]<\/span><\/span><\/p>\n<p class=\"p1\"><span class=\"s1\"><span style=\"vertical-align: inherit;\"><span style=\"vertical-align: inherit;\">Montessori toys are designed with a specific developmental goal in mind, not just for the child&#8217;s entertainment.<\/span><\/span><\/span><\/p>\n<p class=\"p2\"><span class=\"s1\">\u00a0<\/span><\/p>\n<p class=\"p1\"><span class=\"s1\"><span style=\"vertical-align: inherit;\"><span style=\"vertical-align: inherit;\">They always try to support a child&#8217;s natural stage of growth, whether it be to promote independence, improve fine motor skills, stimulate problem-solving, or help them develop good concentration skills.<\/span><\/span><\/span><\/p>\n<p class=\"p2\"><span class=\"s1\">\u00a0<\/span><\/p>\n<p class=\"p1\"><span class=\"s1\">Rainbow Stacker ist sehr vielseitig und bereits f\u00fcr kleine Kinder ideal!\u00a0<\/span><\/p>\n<p class=\"p1\"><span class=\"s1\">Kleinkinder stapeln, sortieren und bauen und wenn die Kinder \u00e4lter werden, werden sie es als Wiege f\u00fcr Puppen, als Zaun f\u00fcr Tiere, wie einen Tunnel oder eine Br\u00fccke f\u00fcr Fahrzeuge, als Haus f\u00fcr Zwerge und Puppenhauspuppen verwenden, um erstaunliche Skulpturen zu bauen. dies Regenbogen wird immer in das Spielen mit viel Fantasie integriert sein.<\/span><\/p>\n<p class=\"p1\"><span class=\"s1\">Unsere Regenbogen sind von h\u00f6chster Qualit\u00e4t aus Ayouso-Holz. Wir schneiden jeden Regenbogen von Hand auf Bestellung und schleifen es perfekt.\u00a0<\/span><\/p>\n<p class=\"p1\"><span class=\"s1\">Nach dem ersten Schleifen f\u00e4rben wir sie mit AP-zertifiziertem, ungiftigem Holzfarbstoff und lassen sie erneut schleifen.\u00a0<\/span><\/p>\n<p class=\"p1\"><span class=\"s1\">Zum Schluss reiben wir sie mit unserer hausgemachten Holzpolitur ein, die aus Bio-Kokos\u00f6l und Bienenwachs hergestellt wird. Wir verpacken sie dann sicher und senden sie Ihnen zu, damit Ihre Kleinen sie gro\u00dfen Spa\u00df haben k\u00f6nnen.<\/span><\/p>\n<p class=\"p1\"><span class=\"s1\">Materialien: Ayouso \/ Obeche Wood, ungiftige Acrylfarben.<\/span><\/p>\n<p class=\"p1\"><span class=\"s1\">L\u00e4nge: 15,75 Zoll<\/span><\/p>\n<p class=\"p1\"><span class=\"s1\">Breite: 7,48 Zoll<\/span><\/p>\n<p class=\"p1\"><span class=\"s1\">Dicke: 2,75 Zoll<\/span><\/p>\n<p class=\"p1\"><span class=\"s1\">Gewicht: 1<\/span><\/p>\n<p class=\"p1\"><span class=\"s1\">***** Bitte beachten Sie, dass beim F\u00e4rben dieses Artikels die Holzmaserung durchscheint und die Farben aufgrund von Maserung und Holzabweichung vom abgebildeten Regenbogen abweichen k\u00f6nnen. Wenn der Regenbogen nass wird, kann es bei Farbstoffen zu Farb\u00fcbertragungen kommen. Der Farbstoff ist AP-zertifiziert ungiftig.\u00a0<\/span><\/p>\n<p class=\"p1\"><span class=\"s1\">Wenn dieses Spielzeug f\u00fcr ein Kind verwendet werden soll, das Gegenst\u00e4nde in den Mund nimmt, empfehlen wir dringend, unsere unbemalte oder nicht gef\u00e4rbte Version dieses Regenbogens zu kaufen<\/span><\/p>\n<p class=\"p1\"><span class=\"s1\">***** Bitte beachten Sie, dass wir f\u00fcr alle unsere Regenbogen Ayouso \/ Obeche-Holz verwenden, das nat\u00fcrlich vorkommende Streifen von blau, lila, schwarz und braun enthalten kann, die entstehen, wenn der Baum Mineralien aus dem Boden zieht. Wir lassen auch nat\u00fcrliche Flecken des Holzes anstelle von vielen, die Farbe verwenden, damit die nat\u00fcrliche Sch\u00f6nheit des Holzes durchscheinen kann.\u00a0<\/span><\/p>\n<p class=\"p1\"><span class=\"s1\">Dies ist beabsichtigt und kann von Regenbogen zu Regenbogen variieren.\u00a0<\/span><\/p>\n<p class=\"p1\"><span class=\"s1\">Wenn Sie ein St\u00fcck mit mehr oder weniger nat\u00fcrlicher F\u00e4rbung w\u00fcnschen (wir k\u00f6nnen keine garantieren), tun Sie dies bitte zum Zeitpunkt der Bestellung, da f\u00fcr jeden Umtausch zus\u00e4tzliche Versandkosten anfallen, wenn die nat\u00fcrliche F\u00e4rbung der Grund f\u00fcr die Anfrage ist.<\/span><\/p>\n<p class=\"p2\"><span class=\"s1\">\u00a0<\/span><\/p>\n<p class=\"p1\"><span class=\"s1\"><span style=\"vertical-align: inherit;\"><span style=\"vertical-align: inherit;\"><span style=\"vertical-align: inherit;\"><span style=\"vertical-align: inherit;\">A child who has become master of his actions through long and repetitive exercises, and has been encouraged by the pleasant and interesting activities in which he was engaged, is a child full of health and joy, and remarkable for his calmness and discipline. <\/span><\/span><\/span><span style=\"vertical-align: inherit;\"><span style=\"vertical-align: inherit;\"><span style=\"vertical-align: inherit;\">\u201d- Dr. <\/span><\/span><\/span><span style=\"vertical-align: inherit;\"><span style=\"vertical-align: inherit;\"><span style=\"vertical-align: inherit;\">Maria Montessori\u00a0<\/span><\/span><\/span><\/span><\/span><\/p>\n<p><span style=\"vertical-align: inherit;\"><span style=\"vertical-align: inherit;\"><span style=\"vertical-align: inherit;\"><span style=\"vertical-align: inherit;\">[\/ vc_column_text] [\/ vc_column] [\/ vc_row]<\/span><\/span><\/span><\/span><\/p>\n","protected":false},"excerpt":{"rendered":"<p class=\"p1\"><span class=\"s1\"><span style=\"vertical-align: inherit;\"><span style=\"vertical-align: inherit;\"><span style=\"vertical-align: inherit;\"><span style=\"vertical-align: inherit;\">Rainbow Stacker offers many possibilities for creative and imaginative play!\u00a0<\/span><\/span><\/span><\/span><\/span><\/p>\n<p class=\"p1\"><span class=\"s1\"><span style=\"vertical-align: inherit;\"><span style=\"vertical-align: inherit;\"><span style=\"vertical-align: inherit;\"><span style=\"vertical-align: inherit;\">This toy is also available in schools where Waldorf or Montessori pedagogy is used, but is also ideal for home schooling.\u00a0<\/span><\/span><\/span><\/span><\/span><\/p>\n<p class=\"p1\"><span class=\"s1\"><span style=\"vertical-align: inherit;\"><span style=\"vertical-align: inherit;\"><span style=\"vertical-align: inherit;\"><span style=\"vertical-align: inherit;\">Suitable for from 10 months\u00a0<\/span><\/span><\/span><\/span><\/span><\/p>\n","protected":false},"featured_media":8719,"comment_status":"closed","ping_status":"closed","template":"","meta":[],"product_cat":[20],"product_tag":[44,45,33,29],"_links":{"self":[{"href":"https:\/\/old.silvernurseeu.com\/de\/wp-json\/wp\/v2\/product\/8901"}],"collection":[{"href":"https:\/\/old.silvernurseeu.com\/de\/wp-json\/wp\/v2\/product"}],"about":[{"href":"https:\/\/old.silvernurseeu.com\/de\/wp-json\/wp\/v2\/types\/product"}],"replies":[{"embeddable":true,"href":"https:\/\/old.silvernurseeu.com\/de\/wp-json\/wp\/v2\/comments?post=8901"}],"wp:featuredmedia":[{"embeddable":true,"href":"https:\/\/old.silvernurseeu.com\/de\/wp-json\/wp\/v2\/media\/8719"}],"wp:attachment":[{"href":"https:\/\/old.silvernurseeu.com\/de\/wp-json\/wp\/v2\/media?parent=8901"}],"wp:term":[{"taxonomy":"product_cat","embeddable":true,"href":"https:\/\/old.silvernurseeu.com\/de\/wp-json\/wp\/v2\/product_cat?post=8901"},{"taxonomy":"product_tag","embeddable":true,"href":"https:\/\/old.silvernurseeu.com\/de\/wp-json\/wp\/v2\/product_tag?post=8901"}],"curies":[{"name":"wp","href":"https:\/\/api.w.org\/{rel}","templated":true}]}}