{"id":8487,"date":"2021-03-05T20:50:40","date_gmt":"2021-03-05T20:50:40","guid":{"rendered":"https:\/\/www.silvernurseeu.com\/cart\/"},"modified":"2022-12-20T11:31:59","modified_gmt":"2022-12-20T11:31:59","slug":"cart","status":"publish","type":"page","link":"https:\/\/old.silvernurseeu.com\/hu\/cart\/","title":{"rendered":"Cart"},"content":{"rendered":"[vc_row][vc_column][vc_column_text]\r\n<div class=\"woocommerce\">\n<div class=\"my_woocommerce_page et-cart-empty\">\n\t<div class=\"empty-circle\"><svg xmlns=\"http:\/\/www.w3.org\/2000\/svg\" width=\"24\" height=\"24\" viewBox=\"0 0 24 24\" fill=\"none\" stroke=\"currentColor\" stroke-width=\"2\" stroke-linecap=\"round\" stroke-linejoin=\"round\" class=\"feather feather-shopping-cart\"><circle cx=\"9\" cy=\"21\" r=\"1\"><\/circle><circle cx=\"20\" cy=\"21\" r=\"1\"><\/circle><path d=\"M1 1h4l2.68 13.39a2 2 0 0 0 2 1.61h9.72a2 2 0 0 0 2-1.61L23 6H6\"><\/path><\/svg><\/div>\n\t<div class=\"woocommerce-notices-wrapper\"><\/div><p class=\"cart-empty woocommerce-info\">Jelenleg \u00fcres a bev\u00e1s\u00e1rl\u00f3kos\u00e1r.<\/p>\t<p class=\"return-to-shop\">\n\t\t<a class=\"button outlined wc-backward wp-element-button\" href=\"https:\/\/old.silvernurseeu.com\/hu\/\">\n\t\tV\u00e1s\u00e1rl\u00e1s folytat\u00e1sa\t\t<\/a>\n\t<\/p>\n\t<\/div><\/div>\n\r\n<p>&nbsp;<\/p>\r\n[\/vc_column_text][\/vc_column][\/vc_row]","protected":false},"excerpt":{"rendered":"<p>[vc_row][vc_column][vc_column_text] &nbsp; [\/vc_column_text][\/vc_column][\/vc_row]<\/p>\n","protected":false},"author":2,"featured_media":0,"parent":0,"menu_order":0,"comment_status":"closed","ping_status":"closed","template":"","meta":[],"_links":{"self":[{"href":"https:\/\/old.silvernurseeu.com\/hu\/wp-json\/wp\/v2\/pages\/8487"}],"collection":[{"href":"https:\/\/old.silvernurseeu.com\/hu\/wp-json\/wp\/v2\/pages"}],"about":[{"href":"https:\/\/old.silvernurseeu.com\/hu\/wp-json\/wp\/v2\/types\/page"}],"author":[{"embeddable":true,"href":"https:\/\/old.silvernurseeu.com\/hu\/wp-json\/wp\/v2\/users\/2"}],"replies":[{"embeddable":true,"href":"https:\/\/old.silvernurseeu.com\/hu\/wp-json\/wp\/v2\/comments?post=8487"}],"version-history":[{"count":7,"href":"https:\/\/old.silvernurseeu.com\/hu\/wp-json\/wp\/v2\/pages\/8487\/revisions"}],"predecessor-version":[{"id":17459,"href":"https:\/\/old.silvernurseeu.com\/hu\/wp-json\/wp\/v2\/pages\/8487\/revisions\/17459"}],"wp:attachment":[{"href":"https:\/\/old.silvernurseeu.com\/hu\/wp-json\/wp\/v2\/media?parent=8487"}],"curies":[{"name":"wp","href":"https:\/\/api.w.org\/{rel}","templated":true}]}}