{"id":8528,"date":"2021-03-05T20:50:40","date_gmt":"2021-03-05T20:50:40","guid":{"rendered":"https:\/\/www.silvernurseeu.com\/my-account\/"},"modified":"2021-03-15T20:26:06","modified_gmt":"2021-03-15T20:26:06","slug":"my-account","status":"publish","type":"page","link":"https:\/\/old.silvernurseeu.com\/hu\/my-account\/","title":{"rendered":"My account"},"content":{"rendered":"<div class=\"woocommerce\">\n\n\n<div class=\"container\">\n\n\t<div class=\"woocommerce-notices-wrapper\"><\/div>\n\t<div class=\"et-overflow-container et-login-wrapper no_popup\">\n\n\t\t<div class=\"et-form-container\">\n\t\t\t\n\t\t\t<div id=\"et-login-form\" class=\" col-lg-4\">\n\n\t\t\t\t<h2 class=\"page-title\">Bel\u00e9p\u00e9s<\/h2>\n\n\t\t\t\t\n\t\t\t\t\t<form class=\"woocommerce-form woocommerce-form-login login\" method=\"post\">\n\n\t\t\t\t\n\t\t\t\t\t\n\t\t\t\t\t<p class=\"woocommerce-form-row woocommerce-form-row--wide form-row form-row-wide\">\n\t\t\t\t\t\t<label for=\"username\">Felhaszn\u00e1l\u00f3n\u00e9v vagy Email c\u00edm&nbsp;<span class=\"required\">*<\/span><\/label>\n\t\t\t\t\t\t<input type=\"text\" class=\"woocommerce-Input woocommerce-Input--text input-text\" name=\"username\" id=\"username\" autocomplete=\"username\" value=\"\" \/>\t\t\t\t\t<\/p>\n\t\t\t\t\t<p class=\"woocommerce-form-row woocommerce-form-row--wide form-row form-row-wide\">\n\t\t\t\t\t\t<label for=\"password\">Jelsz\u00f3&nbsp;<span class=\"required\">*<\/span><\/label>\n\t\t\t\t\t\t<input class=\"woocommerce-Input woocommerce-Input--text input-text\" type=\"password\" name=\"password\" id=\"password\" autocomplete=\"current-password\" \/>\n\t\t\t\t\t<\/p>\n\n\t\t\t\t\t\n\t\t\t\t\t<p class=\"form-row form-group\">\n\t\t\t\t\t\t<label class=\"woocommerce-form__label woocommerce-form__label-for-checkbox woocommerce-form-login__rememberme inline\">\n\t\t\t\t\t\t\t<input class=\"woocommerce-form__input woocommerce-form__input-checkbox\" name=\"rememberme\" type=\"checkbox\" id=\"rememberme\" value=\"forever\" \/> <span>Eml\u00e9kezz r\u00e1m<\/span>\n\t\t\t\t\t\t<\/label>\n\t\t\t\t\t\t<span class=\"woocommerce-LostPassword lost_password\">\n\t\t\t\t\t\t\t<a href=\"https:\/\/old.silvernurseeu.com\/my-account\/lost-password\/\">Elfelejtett jelsz\u00f3?<\/a>\n\t\t\t\t\t\t<\/span>\n\t\t\t\t\t<\/p>\n\n\t\t\t\t\t<p class=\"form-actions\">\n\t\t\t\t\t\t<input type=\"hidden\" id=\"woocommerce-login-nonce\" name=\"woocommerce-login-nonce\" value=\"b1e59e8f95\" \/><input type=\"hidden\" name=\"_wp_http_referer\" value=\"\/hu\/wp-json\/wp\/v2\/pages\/8528\" \/>\t\t\t\t\t\t<button type=\"submit\" class=\"woocommerce-button button woocommerce-form-login__submit wp-element-button\" name=\"login\" value=\"Bel\u00e9p\u00e9s\">Bel\u00e9p\u00e9s<\/button>\n\t\t\t\t\t<\/p>\n\n\t\t\t\t\t\n\t\t\t\t\t\n\t\t\t\t\t\n\t\t\t\t<\/form>\n\n\t\t\t<\/div>\n\t\t\t\t\t\t\n\t\t\t\n\t\t<\/div>\n\n\t<\/div>\n\t\n\t\n<\/div>\n<\/div>\n","protected":false},"excerpt":{"rendered":"Bel\u00e9p\u00e9s Felhaszn\u00e1l\u00f3n\u00e9v vagy Email c\u00edm&nbsp;* Jelsz\u00f3&nbsp;* Eml\u00e9kezz r\u00e1m Elfelejtett jelsz\u00f3? Bel\u00e9p\u00e9s","protected":false},"author":2,"featured_media":0,"parent":0,"menu_order":0,"comment_status":"closed","ping_status":"closed","template":"","meta":[],"_links":{"self":[{"href":"https:\/\/old.silvernurseeu.com\/hu\/wp-json\/wp\/v2\/pages\/8528"}],"collection":[{"href":"https:\/\/old.silvernurseeu.com\/hu\/wp-json\/wp\/v2\/pages"}],"about":[{"href":"https:\/\/old.silvernurseeu.com\/hu\/wp-json\/wp\/v2\/types\/page"}],"author":[{"embeddable":true,"href":"https:\/\/old.silvernurseeu.com\/hu\/wp-json\/wp\/v2\/users\/2"}],"replies":[{"embeddable":true,"href":"https:\/\/old.silvernurseeu.com\/hu\/wp-json\/wp\/v2\/comments?post=8528"}],"version-history":[{"count":1,"href":"https:\/\/old.silvernurseeu.com\/hu\/wp-json\/wp\/v2\/pages\/8528\/revisions"}],"predecessor-version":[{"id":8533,"href":"https:\/\/old.silvernurseeu.com\/hu\/wp-json\/wp\/v2\/pages\/8528\/revisions\/8533"}],"wp:attachment":[{"href":"https:\/\/old.silvernurseeu.com\/hu\/wp-json\/wp\/v2\/media?parent=8528"}],"curies":[{"name":"wp","href":"https:\/\/api.w.org\/{rel}","templated":true}]}}