{"id":10982,"date":"2021-08-16T14:31:26","date_gmt":"2021-08-16T14:31:26","guid":{"rendered":"https:\/\/www.silvernurseeu.com\/shop\/silvernurse-925-sterling-pure-silver-gua-sha-massage-tool\/"},"modified":"2022-11-24T16:33:47","modified_gmt":"2022-11-24T16:33:47","slug":"silvernurse-925-sterling-pure-silver-gua-sha-massage-tool","status":"publish","type":"product","link":"https:\/\/old.silvernurseeu.com\/hu\/shop\/silvernurse-925-sterling-pure-silver-gua-sha-massage-tool\/","title":{"rendered":"SilverNurse\u00ae 925 Sterling tiszta ez\u00fcst Gua Sha massz\u00e1zseszk\u00f6z"},"content":{"rendered":"[vc_row][vc_column][vc_column_text]Bemutatkozik a SilverNurse SILVER GUA SHA. A k\u00ednai gy\u00f3gy\u00e1szatban a sz\u00f6vetek gy\u00f3gy\u00edt\u00e1s\u00e1ra haszn\u00e1lj\u00e1k, \u00e9s egy sz\u00e9ps\u00e9g\u00e1pol\u00e1si eszk\u00f6z er\u0151m\u0171ve, amely el\u0151seg\u00edti a b\u0151r \u00e1ltal\u00e1nos eg\u00e9szs\u00e9g\u00e9t.<\/p>\n<p>A SILVER GUA SHA h\u00edres arr\u00f3l, hogy seg\u00edt toniz\u00e1lni, feszes\u00edteni \u00e9s stimul\u00e1lni a b\u0151rt. T\u00f6k\u00e9letes a mindennapi b\u0151r\u00e1pol\u00e1shoz, ez az arcmassz\u00e1zs eszk\u00f6z szab\u00e1lyozott nyom\u00e1st tesz lehet\u0151v\u00e9, \u00e9s \u00e1t\u00f6leli az arc \u00e9s a nyak \u00edveit, hogy jav\u00edtsa az arcsz\u00ednt. Az ez\u00fcst rendk\u00edv\u00fcl tart\u00f3s, f\u00e9ny\u0171z\u0151en neh\u00e9z \u00e9s term\u00e9szetesen antimikrobi\u00e1lis.<\/p>\n<p>A Gua Sha h\u00e1rom k\u00fcl\u00f6nb\u00f6z\u0151 g\u00f6rb\u00fclettel rendelkezik, amelyek massz\u00edrozz\u00e1k az arc \u00e9s a test k\u00fcl\u00f6nb\u00f6z\u0151 \u00edveit. A Center divot ujjtart\u00e1sk\u00e9nt \u00e9s nyugtat\u00f3 k\u0151k\u00e9nt funkcion\u00e1l.<\/p>\n<p>&nbsp;<\/p>\n<p>&nbsp;<\/p>\n<p>&nbsp;<\/p>\n<p>A SilverNurse\u00ae Gua Sha el\u0151nyei:<\/p>\n<p>Oldja az arc fesz\u00fclts\u00e9g\u00e9t<br \/>\nFokozza a b\u0151r rugalmass\u00e1g\u00e1t, feszes\u00edti \u00e9s toniz\u00e1lja a b\u0151rt<br \/>\nMegakad\u00e1lyozza a finom vonalak \u00e9s r\u00e1ncok megjelen\u00e9s\u00e9t<br \/>\nCs\u00f6kkenti a duzzanatot, a szem t\u00e1sk\u00e1j\u00e1t \u00e9s a szem k\u00f6r\u00fcli s\u00f6t\u00e9t karik\u00e1kat<br \/>\nEl\u0151seg\u00edti az arc v\u00e9rkering\u00e9s\u00e9t a term\u00e9szetes eg\u00e9szs\u00e9ges ragyog\u00e1s \u00e9rdek\u00e9ben<br \/>\nSeg\u00edti a sz\u00e9ps\u00e9g\u00e1pol\u00e1si term\u00e9kek, p\u00e9ld\u00e1ul az arckr\u00e9mek \u00e9s sz\u00e9rumok m\u00e9lyebb bejut\u00e1s\u00e1t a b\u0151rbe a jobb felsz\u00edv\u00f3d\u00e1s \u00e9rdek\u00e9ben<\/p>\n<p>&nbsp;<\/p>\n<p>100%-ban eredeti Gua Sha eszk\u00f6z<br \/>\n925 sterling ez\u00fcst<br \/>\nEgyszer\u0171 m\u0171k\u00f6d\u00e9s<br \/>\nK\u00e9nyelmes sz\u00e1ll\u00edtani<br \/>\nF\u00e1jdalmak enyh\u00edt\u00e9se a test k\u00fcl\u00f6nb\u00f6z\u0151 r\u00e9szein<br \/>\nEz\u00fcst term\u00e9kek, tart\u00f3sabbak<br \/>\nAlkalmas minden koroszt\u00e1ly sz\u00e1m\u00e1ra[\/vc_column_text][\/vc_column][\/vc_row]\n","protected":false},"excerpt":{"rendered":"<p>&#8221; VISZl\u00e1t a szemk\u00f6rny\u00e9k\u00e1pol\u00f3 kr\u00e9mekt\u0151l&#8221;<\/p>\n<p>Az ez\u00fcst Gua Sha-t eredetileg akupontos massz\u00e1zsra haszn\u00e1lt\u00e1k. A SilverNurse Gua Sha-t \u00fagy tervezt\u00e9k, hogy lehet\u0151v\u00e9 tegye a nem j\u00e1rtas felhaszn\u00e1l\u00f3k sz\u00e1m\u00e1ra a megfelel\u0151 massz\u00e1zst minden neh\u00e9zs\u00e9g n\u00e9lk\u00fcl. Napi 3 perc felvitel \u00e9s hideg k\u00f6rnyezetben tart\u00e1s is el\u00e9g lenne!<\/p>\n<p>A SilverNurse\u00ae Gua Sha seg\u00edthet a hajsz\u00e1lerek kiterjeszt\u00e9s\u00e9ben, el\u0151seg\u00edti a v\u00e9rkering\u00e9st, enyh\u00edti az izomf\u00e1jdalmakat \u00e9s gyorsan helyre\u00e1ll\u00edtja a fizikai \u00e1llapotot. Hat\u00e9konyan seg\u00edthet az \u00f6sszen\u00f6v\u00e9sek, s\u00e9r\u00fcl\u00e9sek \u00e9s izomt\u00falterhel\u00e9s kezel\u00e9s\u00e9ben. Alkalmas a nyakra, v\u00e1llra, h\u00e1tra, l\u00e1bakra, k\u00e9zre, v\u00e1dlira, combra \u00e9s egy\u00e9b r\u00e9szeire.<\/p>\n","protected":false},"featured_media":9815,"comment_status":"closed","ping_status":"closed","template":"","meta":[],"product_cat":[20],"product_tag":[73,72,33,29],"_links":{"self":[{"href":"https:\/\/old.silvernurseeu.com\/hu\/wp-json\/wp\/v2\/product\/10982"}],"collection":[{"href":"https:\/\/old.silvernurseeu.com\/hu\/wp-json\/wp\/v2\/product"}],"about":[{"href":"https:\/\/old.silvernurseeu.com\/hu\/wp-json\/wp\/v2\/types\/product"}],"replies":[{"embeddable":true,"href":"https:\/\/old.silvernurseeu.com\/hu\/wp-json\/wp\/v2\/comments?post=10982"}],"wp:featuredmedia":[{"embeddable":true,"href":"https:\/\/old.silvernurseeu.com\/hu\/wp-json\/wp\/v2\/media\/9815"}],"wp:attachment":[{"href":"https:\/\/old.silvernurseeu.com\/hu\/wp-json\/wp\/v2\/media?parent=10982"}],"wp:term":[{"taxonomy":"product_cat","embeddable":true,"href":"https:\/\/old.silvernurseeu.com\/hu\/wp-json\/wp\/v2\/product_cat?post=10982"},{"taxonomy":"product_tag","embeddable":true,"href":"https:\/\/old.silvernurseeu.com\/hu\/wp-json\/wp\/v2\/product_tag?post=10982"}],"curies":[{"name":"wp","href":"https:\/\/api.w.org\/{rel}","templated":true}]}}