{"id":15284,"date":"2021-12-29T19:20:07","date_gmt":"2021-12-29T19:20:07","guid":{"rendered":"https:\/\/www.silvernurseeu.com\/shop\/body-sock-sensory-proprioception-vestibular-system\/"},"modified":"2022-11-24T16:33:23","modified_gmt":"2022-11-24T16:33:23","slug":"body-sock-sensory-proprioception-vestibular-system","status":"publish","type":"product","link":"https:\/\/old.silvernurseeu.com\/hu\/shop\/body-sock-sensory-proprioception-vestibular-system\/","title":{"rendered":"TEST ZOKNI \u00c9RZ\u00c9KEL\u0150"},"content":{"rendered":"[vc_row][vc_column][vc_video link=&#8221;https:\/\/www.youtube.com\/watch?v=ILn8J5T2Ys0&#8243; el_aspect=&#8221;43&#8243;][\/vc_column][\/vc_row]\n","protected":false},"excerpt":{"rendered":"<p>NY\u00daJT\u00c1S, J\u00c1T\u00c9K, FEJLESZT\u00c9S, LENY\u00daJT\u00c1S<br \/>\nSzeretn\u00e9, ha gyermek\u00e9nek k\u00f6nnyebben tudna pihenni? A Body Sock az \u00e9rz\u00e9kszervi probl\u00e9m\u00e1kat szem el\u0151tt tartva k\u00e9sz\u00fclt. Gyermeke im\u00e1dni fog j\u00e1tszani, ny\u00fajt\u00f3zkodni vagy pihenni a szenzoros zokniban! Tapint\u00e1si el\u0151nyt is ny\u00fajt a keres\u0151knek, mert puha \u00e9s rugalmas tapint\u00e1s\u00fa. A testzokni egyszerre ny\u00fajt nyugtat\u00f3 \u00e9s szervez\u0151 hat\u00e1st az eg\u00e9sz testen.<\/p>\n<p>A term\u00e9k 60&#215;85 cm hossz\u00fa. 105 cm-ig terjed.<br \/>\n1-12 \u00e9ves korig alkalmas.<\/p>\n<p>SEG\u00cdTS GYERMEKE\u00c9NEK TER\u00dcLETI TUDAT\u00c1T FEJLESZT\u00c9S\u00c9BEN<br \/>\nA szenzoros zokni nemcsak megnyugtat \u00e9s megnyugtat, hanem arra is \u00f6szt\u00f6n\u00f6zheti gyermek\u00e9t, hogy az anyag megnyom\u00e1s\u00e1val \u00e9s ny\u00fajt\u00e1s\u00e1val fedezze fel mozg\u00e1s\u00e1t. A Harkla Body Sock hord\u00e1sakor azonnali visszajelz\u00e9st ad a tapint\u00e1si \u00e9s propriocept\u00edv rendszernek, ak\u00e1r egyetlen statikus helyzetben, ak\u00e1r dinamikus mozg\u00e1salap\u00fa feladatokhoz haszn\u00e1lj\u00e1k. Azonnal kezdje el a fejleszt\u00e9st az egyes csomagokban tal\u00e1lhat\u00f3 foglalkoz\u00e1si terapeut\u00e1k \u00e1ltal k\u00e9sz\u00edtett tev\u00e9kenys\u00e9gi \u00fatmutat\u00f3val.<\/p>\n<p>.<\/p>\n<p>KI\u00c1LLJ A J\u00c1T\u00c9KID\u0150 LEGNENYEZ\u00c9SE EL\u0150TT<\/p>\n<p>Dupla varr\u00e1ssal \u00e9s t\u00e9p\u0151z\u00e1r helyett er\u0151s cipz\u00e1rral tervezt\u00e9k.<\/p>\n","protected":false},"featured_media":15199,"comment_status":"closed","ping_status":"closed","template":"","meta":[],"product_cat":[20],"product_tag":[79,75,44,78,76,29,77],"_links":{"self":[{"href":"https:\/\/old.silvernurseeu.com\/hu\/wp-json\/wp\/v2\/product\/15284"}],"collection":[{"href":"https:\/\/old.silvernurseeu.com\/hu\/wp-json\/wp\/v2\/product"}],"about":[{"href":"https:\/\/old.silvernurseeu.com\/hu\/wp-json\/wp\/v2\/types\/product"}],"replies":[{"embeddable":true,"href":"https:\/\/old.silvernurseeu.com\/hu\/wp-json\/wp\/v2\/comments?post=15284"}],"wp:featuredmedia":[{"embeddable":true,"href":"https:\/\/old.silvernurseeu.com\/hu\/wp-json\/wp\/v2\/media\/15199"}],"wp:attachment":[{"href":"https:\/\/old.silvernurseeu.com\/hu\/wp-json\/wp\/v2\/media?parent=15284"}],"wp:term":[{"taxonomy":"product_cat","embeddable":true,"href":"https:\/\/old.silvernurseeu.com\/hu\/wp-json\/wp\/v2\/product_cat?post=15284"},{"taxonomy":"product_tag","embeddable":true,"href":"https:\/\/old.silvernurseeu.com\/hu\/wp-json\/wp\/v2\/product_tag?post=15284"}],"curies":[{"name":"wp","href":"https:\/\/api.w.org\/{rel}","templated":true}]}}