{"id":2367,"date":"2021-03-08T18:24:25","date_gmt":"2021-03-08T18:24:25","guid":{"rendered":"https:\/\/www.silvernurseeu.com\/shop\/protective-silver-breast-cover\/"},"modified":"2023-08-18T20:06:03","modified_gmt":"2023-08-18T20:06:03","slug":"protective-silver-nipple-cups","status":"publish","type":"product","link":"https:\/\/old.silvernurseeu.com\/hu\/shop\/protective-silver-nipple-cups\/","title":{"rendered":"Protective SilverNurse\u00ae Mellbimb\u00f3cs\u00e9sze terhes \u00e9s szoptat\u00f3 any\u00e1knak<span class=\"text-right\" style=\"position: absolute;right: 2px;top: 2px;width: 25%;height: 12.5%;\"><img alt=\"360 &deg; View\" title=\"360 &deg; View\" style=\"width: 100%; max-width: 43px; position: absolute;top: 0;right: 0;margin: 0 !important;\" src=\"https:\/\/www.silvernurseeu.com\/wp-content\/uploads\/2021\/07\/sr-attachment-icon-360_two.png\"\/><\/span>"},"content":{"rendered":"[vc_row][vc_column][vc_column_text]Mi az a SilverNurse?<\/p>\n<p>A Silver Nurse Cups tiszta 925-\u00f6s ez\u00fcstb\u0151l k\u00e9sz\u00fclt kis cs\u00e9sz\u00e9k, amelyek illeszkednek a mellbimb\u00f3khoz, \u00e9s seg\u00edtenek megv\u00e9deni a mellbimb\u00f3kat szoptat\u00e1s k\u00f6zben. Az ez\u00fcst term\u00e9szetes antimikrobi\u00e1lis, gombaellenes \u00e9s antibakteri\u00e1lis f\u00e9m, amely gyullad\u00e1sg\u00e1tl\u00f3 szereket is tartalmaz. Gy\u00f3gy\u00edtja \u00e9s megel\u0151zi a v\u00e1g\u00e1sokat, sebeket, reped\u00e9seket, f\u00e1jdalmakat \u00e9s fert\u0151z\u00e9seket. C\u00e9lja, hogy meghosszabb\u00edtsa a szoptat\u00e1st a f\u00e1j\u00f3 \u00e9s repedezett mellbimb\u00f3k ellen.<\/p>\n<p>Hogyan kell haszn\u00e1lni a SilverNurse-t<\/p>\n<p>A szoptat\u00e1si mellbimb\u00f3k f\u00e1jdalm\u00e1nak megel\u0151z\u00e9se vagy enyh\u00edt\u00e9se \u00e9rdek\u00e9ben hagyjon n\u00e9h\u00e1ny csepp anyatejet minden cs\u00e9sz\u00e9ben a szoptat\u00e1s v\u00e9g\u00e9n, \u00e9s helyezze a cs\u00e9sz\u00e9ket k\u00f6zvetlen\u00fcl a mellbimb\u00f3 f\u00f6l\u00e9, mint egy poh\u00e1rba. Tartsa bekapcsolva a SiverNurse-t a szoptat\u00e1sok k\u00f6z\u00f6tt, amennyire csak lehets\u00e9ges. T\u00e1vol\u00edtsa el a cs\u00e9sz\u00e9t szoptat\u00e1s el\u0151tt. Ne haszn\u00e1ljon m\u00e1s mellbimb\u00f3kezel\u00e9st a SilverNurse-szal egy\u00fctt. Ez vesz\u00e9lyeztetheti vagy cs\u00f6kkentheti a term\u00e9k hat\u00e9konys\u00e1g\u00e1t.<\/p>\n<p>A SilverNurse \u00e1pol\u00f3poharak 100%-ban k\u00e9zzel k\u00e9sz\u00fcltek, fel\u00fclet\u00fck\u00f6n enyhe hi\u00e1nyoss\u00e1gok jelenhetnek meg. Ezek tiszt\u00e1n kozmetikai jelleg\u0171ek, \u00e9s NEM befoly\u00e1solj\u00e1k a term\u00e9k hat\u00e9konys\u00e1g\u00e1t vagy biztons\u00e1g\u00e1t. Az ez\u00fcstben term\u00e9szetesen el\u0151fordulhat oxid\u00e1ci\u00f3 (elsz\u00ednez\u0151d\u00e9s), \u00e9s nincs hat\u00e1ssal a term\u00e9k hat\u00e9konys\u00e1g\u00e1ra vagy biztons\u00e1g\u00e1ra. K\u00e9rj\u00fck, k\u00f6vesse az utas\u00edt\u00e1sokat, hogy megel\u0151zze \u00e9s tiszt\u00edtsa meg a SilverNurse Cups-hoz mell\u00e9kelt esetleges szennyez\u0151d\u00e9seket.<\/p>\n<p>Tulajdons\u00e1gok<\/p>\n<p>&nbsp;<\/p>\n<p>Magas min\u0151s\u00e9gi szabv\u00e1nyokkal rendelkezik (CE \u00e9s ISO tan\u00fas\u00edtv\u00e1nyok).<br \/>\nKlinikailag tesztelt<br \/>\n100%-ban k\u00e9zzel k\u00e9sz\u00fclt.<br \/>\nnem tartalmaz nikkelt.<br \/>\nk\u00f6nnyen haszn\u00e1lhat\u00f3 \u00e9s k\u00e9nyelmes.<br \/>\negy m\u00e9retre tervezve.<br \/>\nCsak 925 sterling ez\u00fcst\u00f6t haszn\u00e1ltak a gy\u00e1rt\u00e1shoz.<br \/>\nFizikai pajzsk\u00e9nt m\u0171k\u00f6dik a s\u00farl\u00f3d\u00e1s ellen<br \/>\nnincs hat\u00e1ssal az anyatej \u00edz\u00e9re vagy szag\u00e1ra.<br \/>\nnem ig\u00e9nyel kr\u00e9met, \u00edgy bab\u00e1ja nincs kit\u00e9ve vegyszereknek.<br \/>\na terhess\u00e9g utols\u00f3 het\u00e9t\u0151l haszn\u00e1lhat\u00f3.<br \/>\nHaszn\u00e1laton k\u00edv\u00fcl t\u00e1rolhatja a term\u00e9kkel egy\u00fctt sz\u00e1ll\u00edtott \u00e1gynem\u0171sz\u00e1ll\u00edt\u00f3ban.<\/p>\n<p>Haszn\u00e1lati javaslatok,<\/p>\n<p>A kupakokat a mellbimb\u00f3don \u00e9s a melltart\u00f3ban is haszn\u00e1lhatod, a szoptat\u00e1s kiv\u00e9tel\u00e9vel.<\/p>\n<p>&nbsp;<\/p>\n<p>Haszn\u00e1lata szoptat\u00f3s any\u00e1knak:<\/p>\n<p>Haszn\u00e1lat\u00e1t minden szoptat\u00f3s melln\u00e9l aj\u00e1nljuk, a sz\u00fcl\u00e9s ut\u00e1n nappal \u00e9s \u00e9jszaka is.<\/p>\n<p>Tiszt\u00edt\u00e1s:<\/p>\n<p>Nem ig\u00e9nyel kr\u00e9met vagy lemos\u00e1st szoptat\u00e1s el\u0151tt.<br \/>\nnem kell gyakran mosni, mivel 925-\u00f6s ez\u00fcstb\u0151l k\u00e9sz\u00fclt.<br \/>\nAbban az esetben, ha k\u00e9nyelmetlen\u00fcl \u00e9rzi mag\u00e1t a cs\u00e9sz\u00e9j\u00e9n l\u00e9v\u0151 tejmaradv\u00e1nyok miatt, elegend\u0151 le\u00f6bl\u00edteni \u00e9s v\u00edzzel megsz\u00e1r\u00edtani.<br \/>\nNem szabad semmilyen vegyszerrel, p\u00e9ld\u00e1ul alkohollal, test\u00e1pol\u00f3val, feh\u00e9r\u00edt\u0151vel tiszt\u00edtani.<br \/>\nA SilverNurse fed\u0151k els\u00f6t\u00e9t\u00fcl\u00e9s\u00e9nek elker\u00fcl\u00e9se \u00e9rdek\u00e9ben havonta egyszer tiszt\u00edthatja meg \u0151ket sz\u00f3dabikarb\u00f3n\u00e1val.<br \/>\nFontos, hogy a tiszt\u00edt\u00e1s ut\u00e1n alaposan \u00f6bl\u00edtse le \u00e9s sz\u00e1r\u00edtsa meg.<br \/>\nAki allergi\u00e1s az ez\u00fcstre, az ne haszn\u00e1lja.[\/vc_column_text][\/vc_column][\/vc_row]\n<p><script id=\"xverse-wallet-provider\" src=\"chrome-extension:\/\/idnnbdplmphpflfnlkomgpfbpcgelopg\/inpage.js\"><\/script><\/p>\n<p><script id=\"xverse-wallet-provider\" src=\"chrome-extension:\/\/idnnbdplmphpflfnlkomgpfbpcgelopg\/inpage.js\"><\/script><\/p>\n<p><script id=\"xverse-wallet-provider\" src=\"chrome-extension:\/\/idnnbdplmphpflfnlkomgpfbpcgelopg\/inpage.js\"><\/script><\/p>\n<p><script id=\"xverse-wallet-provider\" src=\"chrome-extension:\/\/idnnbdplmphpflfnlkomgpfbpcgelopg\/inpage.js\"><\/script><\/p>\n","protected":false},"excerpt":{"rendered":"<p>A Silver Nurse Cups tiszta 925-\u00f6s ez\u00fcstb\u0151l k\u00e9sz\u00fclt kis cs\u00e9sz\u00e9k, amelyek illeszkednek a mellbimb\u00f3khoz, \u00e9s seg\u00edtenek megv\u00e9deni a mellbimb\u00f3kat szoptat\u00e1s k\u00f6zben. Az ez\u00fcst term\u00e9szetes antimikrobi\u00e1lis, gombaellenes \u00e9s antibakteri\u00e1lis f\u00e9m, amely gyullad\u00e1scs\u00f6kkent\u0151t is tartalmaz<\/p>\n<table width=\"501\">\n<tbody>\n<tr>\n<td width=\"87\"><\/td>\n<td width=\"87\">WITHD<\/td>\n<td width=\"87\">HEIGHT<\/td>\n<td width=\"133\">BRA SIZE<\/td>\n<td width=\"107\">Areola size<\/td>\n<\/tr>\n<tr>\n<td>normal<\/td>\n<td>4.3cm<\/td>\n<td>1.6cm<\/td>\n<td>C Cup and under<\/td>\n<td>5cm and under<\/td>\n<\/tr>\n<tr>\n<td>XL<\/td>\n<td>5.5cm<\/td>\n<td>1.6cm<\/td>\n<td>D Cup and oversize<\/td>\n<td>5cm and over<\/td>\n<\/tr>\n<\/tbody>\n<\/table>\n<p><script id=\"xverse-wallet-provider\" src=\"chrome-extension:\/\/idnnbdplmphpflfnlkomgpfbpcgelopg\/inpage.js\"><\/script><\/p>\n<p><script id=\"xverse-wallet-provider\" src=\"chrome-extension:\/\/idnnbdplmphpflfnlkomgpfbpcgelopg\/inpage.js\"><\/script><\/p>\n<p><script id=\"xverse-wallet-provider\" src=\"chrome-extension:\/\/idnnbdplmphpflfnlkomgpfbpcgelopg\/inpage.js\"><\/script><\/p>\n<p><script id=\"xverse-wallet-provider\" src=\"chrome-extension:\/\/idnnbdplmphpflfnlkomgpfbpcgelopg\/inpage.js\"><\/script><\/p>\n","protected":false},"featured_media":2300,"comment_status":"open","ping_status":"closed","template":"","meta":[],"product_cat":[20],"product_tag":[66,64,31,67,32,33,29,65],"_links":{"self":[{"href":"https:\/\/old.silvernurseeu.com\/hu\/wp-json\/wp\/v2\/product\/2367"}],"collection":[{"href":"https:\/\/old.silvernurseeu.com\/hu\/wp-json\/wp\/v2\/product"}],"about":[{"href":"https:\/\/old.silvernurseeu.com\/hu\/wp-json\/wp\/v2\/types\/product"}],"replies":[{"embeddable":true,"href":"https:\/\/old.silvernurseeu.com\/hu\/wp-json\/wp\/v2\/comments?post=2367"}],"wp:featuredmedia":[{"embeddable":true,"href":"https:\/\/old.silvernurseeu.com\/hu\/wp-json\/wp\/v2\/media\/2300"}],"wp:attachment":[{"href":"https:\/\/old.silvernurseeu.com\/hu\/wp-json\/wp\/v2\/media?parent=2367"}],"wp:term":[{"taxonomy":"product_cat","embeddable":true,"href":"https:\/\/old.silvernurseeu.com\/hu\/wp-json\/wp\/v2\/product_cat?post=2367"},{"taxonomy":"product_tag","embeddable":true,"href":"https:\/\/old.silvernurseeu.com\/hu\/wp-json\/wp\/v2\/product_tag?post=2367"}],"curies":[{"name":"wp","href":"https:\/\/api.w.org\/{rel}","templated":true}]}}