{"id":8884,"date":"2021-03-17T14:32:53","date_gmt":"2021-03-17T14:32:53","guid":{"rendered":"https:\/\/www.silvernurseeu.com\/shop\/silvernurse-silver-baby-food-spoon\/"},"modified":"2022-11-24T16:34:40","modified_gmt":"2022-11-24T16:34:40","slug":"silvernurse-silver-baby-food-spoon","status":"publish","type":"product","link":"https:\/\/old.silvernurseeu.com\/hu\/shop\/silvernurse-silver-baby-food-spoon\/","title":{"rendered":"SilverNurse\u00ae Ez\u00fcst b\u00e9bi\u00e9tel-kan\u00e1l"},"content":{"rendered":"[vc_row][vc_column][vc_column_text]SilverNurse Silver Baby Spoon,\u00a0&#8220;Born with a silver spoon&#8221;<\/p>\n<p>A SilverNurse ez\u00fcst b\u00e9bi\u00e9tel-kan\u00e1l kifejezetten olyan bab\u00e1k sz\u00e1m\u00e1ra k\u00e9sz\u00fclt, akik elkezdenek t\u00e1pl\u00e1l\u00e9kkieg\u00e9sz\u00edt\u0151ket szedni.<br \/>\nTeljesen k\u00e9zzel k\u00e9sz\u00fclt 925 sterling ez\u00fcstb\u0151l az eur\u00f3pai szabv\u00e1nyok szerint. A SilverNurse \u00e9telkan\u00e1loknak nincs \u00e9lettartamuk.<\/p>\n<p>Haszn\u00e1lati javaslatok<\/p>\n<p>Haszn\u00e1lat ut\u00e1n mossa le forr\u00f3 v\u00edzzel \u00e9s alaposan \u00f6bl\u00edtse le.<br \/>\nHavonta egyszer d\u00f6rzs\u00f6lje le pasztaszer\u0171 sz\u00f3dabikarb\u00f3n\u00e1val. Ezut\u00e1n b\u0151 v\u00edzzel mossa le, \u00e9s sz\u00e1r\u00edtsa meg, hogy ne ker\u00fclj\u00f6n r\u00e1 v\u00edz.<br \/>\nMivel az ez\u00fcst antibakteri\u00e1lis f\u00e9m, nem kell fert\u0151tlen\u00edteni.<br \/>\nA tiszt\u00edt\u00e1shoz ne haszn\u00e1ljon vegyszert, p\u00e9ld\u00e1ul tiszt\u00edt\u00f3szert, fert\u0151tlen\u00edt\u0151szert vagy alkoholt.<br \/>\nNe forraljuk, ne mossuk el mosogat\u00f3g\u00e9pben<\/p>\n<p>El\u00e1ll\u00e1si \u00e9s j\u00f3t\u00e1ll\u00e1si felt\u00e9telek<\/p>\n<p>A felhaszn\u00e1l\u00f3i hib\u00e1n \u00e9s a feketed\u00e9sen k\u00edv\u00fcl minden esetben \u00e9rv\u00e9nyes az \u00e9lethosszig tart\u00f3 garancia, \u00e9s k\u00e9rhet cser\u00e9t.<\/p>\n<p>&#8211; A term\u00e9ket a megrendel\u00e9s be\u00e9rkez\u00e9s\u00e9t k\u00f6vet\u0151 15 napon bel\u00fcl visszak\u00fcldheti.<\/p>\n<p>Jellemz\u0151k<\/p>\n<p>100% k\u00e9zzel k\u00e9sz\u00edtett<br \/>\nAbszol\u00fat nem tartalmaz NICKEL-t<br \/>\nEgyetlen m\u00e9retre tervezve<br \/>\n925-\u00f6s sterling ez\u00fcstb\u0151l k\u00e9sz\u00fclt<br \/>\n6 h\u00f3naposn\u00e1l id\u0151sebb gyermekek sz\u00e1m\u00e1ra alkalmas<br \/>\nNincs hat\u00e1ssal az \u00e9telek \u00e9s italok \u00edz\u00e9re \u00e9s illat\u00e1ra<br \/>\nHa nem haszn\u00e1lja, v\u00e1szonzacsk\u00f3ban t\u00e1rolhatja \u00e9s hordozhatja.<br \/>\nSz\u00e9les foganty\u00faj\u00e1nak k\u00f6sz\u00f6nhet\u0151en t\u00f6k\u00e9letesen illeszkedik a gyermek kez\u00e9be, jobb \u00e9s bal k\u00e9zzel is haszn\u00e1lhat\u00f3.<br \/>\nA kan\u00e1l m\u00e9lys\u00e9g\u00e9t az ilyen kor\u00fa gyermekek adagm\u00e9ret\u00e9nek figyelembev\u00e9tel\u00e9vel alak\u00edtott\u00e1k ki.<br \/>\nA kan\u00e1l belsej\u00e9ben tal\u00e1lhat\u00f3 ml inform\u00e1ci\u00f3nak k\u00f6sz\u00f6nhet\u0151en szirupos kan\u00e1lk\u00e9nt is haszn\u00e1lhat\u00f3.[\/vc_column_text][\/vc_column][\/vc_row]\n","protected":false},"excerpt":{"rendered":"<p><strong>SilverNurse Silver Baby Spoon,\u00a0&#8220;Born with a silver spoon&#8221;<\/strong><\/p>\n<p>A SilverNurse ez\u00fcst kan\u00e1l kifejezetten azoknak a bab\u00e1knak k\u00e9sz\u00fclt, akik elkezdt\u00e9k szedni a t\u00e1pl\u00e1l\u00e9kkieg\u00e9sz\u00edt\u0151ket. Az ez\u00fcstkan\u00e1l a legjobb aj\u00e1nd\u00e9k azoknak, akik \u201eez\u00fcstkan\u00e1llal a sz\u00e1jukban sz\u00fclettek\u201d, akik r\u00e9szes\u00fcltek az ez\u00fcst tiszt\u00edt\u00f3 \u00e9s antibiotikus tulajdons\u00e1gaib\u00f3l.<\/p>\n<p>&#8220;A k\u00f6z\u00e9pkorban a gazdag keresztsz\u00fcl\u0151k ez\u00fcstkanalat adtak csecsem\u0151knek keresztel\u0151aj\u00e1nd\u00e9kk\u00e9nt. Azok, akik &#8220;ez\u00fcstkan\u00e1llal a sz\u00e1jukban sz\u00fclettek&#8221;, r\u00e9szes\u00fcltek az ez\u00fcst tiszt\u00edt\u00f3 \u00e9s antibiotikus tulajdons\u00e1gaib\u00f3l.&#8221;<\/p>\n","protected":false},"featured_media":8828,"comment_status":"closed","ping_status":"closed","template":"","meta":[],"product_cat":[20],"product_tag":[29],"_links":{"self":[{"href":"https:\/\/old.silvernurseeu.com\/hu\/wp-json\/wp\/v2\/product\/8884"}],"collection":[{"href":"https:\/\/old.silvernurseeu.com\/hu\/wp-json\/wp\/v2\/product"}],"about":[{"href":"https:\/\/old.silvernurseeu.com\/hu\/wp-json\/wp\/v2\/types\/product"}],"replies":[{"embeddable":true,"href":"https:\/\/old.silvernurseeu.com\/hu\/wp-json\/wp\/v2\/comments?post=8884"}],"wp:featuredmedia":[{"embeddable":true,"href":"https:\/\/old.silvernurseeu.com\/hu\/wp-json\/wp\/v2\/media\/8828"}],"wp:attachment":[{"href":"https:\/\/old.silvernurseeu.com\/hu\/wp-json\/wp\/v2\/media?parent=8884"}],"wp:term":[{"taxonomy":"product_cat","embeddable":true,"href":"https:\/\/old.silvernurseeu.com\/hu\/wp-json\/wp\/v2\/product_cat?post=8884"},{"taxonomy":"product_tag","embeddable":true,"href":"https:\/\/old.silvernurseeu.com\/hu\/wp-json\/wp\/v2\/product_tag?post=8884"}],"curies":[{"name":"wp","href":"https:\/\/api.w.org\/{rel}","templated":true}]}}