{"id":10983,"date":"2021-08-16T14:31:26","date_gmt":"2021-08-16T14:31:26","guid":{"rendered":"https:\/\/www.silvernurseeu.com\/shop\/silvernurse-925-sterling-pure-silver-gua-sha-massage-tool\/"},"modified":"2022-11-24T16:26:40","modified_gmt":"2022-11-24T16:26:40","slug":"silvernurse-925-sterling-pure-silver-gua-sha-massage-tool","status":"publish","type":"product","link":"https:\/\/old.silvernurseeu.com\/pl\/shop\/silvernurse-925-sterling-pure-silver-gua-sha-massage-tool\/","title":{"rendered":"SilverNurse\u00ae 925 Narz\u0119dzie do masa\u017cu Gua Sha z czystego srebra"},"content":{"rendered":"[vc_row][vc_column][vc_column_text]Przedstawiamy SilverNurse SILVER GUA SHA. Stosowany w medycynie chi\u0144skiej do leczenia tkanek, jest pot\u0119g\u0105 narz\u0119dzia kosmetycznego, kt\u00f3re promuje og\u00f3lny stan sk\u00f3ry.<\/p>\n<p>SILVER GUA SHA jest znany z tego, \u017ce pomaga tonizowa\u0107, uj\u0119drnia\u0107 i stymulowa\u0107 sk\u00f3r\u0119. Idealne do stosowania w codziennej piel\u0119gnacji sk\u00f3ry, to narz\u0119dzie do masa\u017cu twarzy umo\u017cliwia kontrolowany nacisk i otula krzywizny twarzy i szyi, poprawiaj\u0105c cer\u0119. Srebro jest niezwykle trwa\u0142e, niezwykle ci\u0119\u017ckie i naturalnie antybakteryjne.<\/p>\n<p>Gua Sha ma trzy r\u00f3\u017cne krzywizny, kt\u00f3re masuj\u0105 r\u00f3\u017cne krzywizny twojej twarzy i cia\u0142a. \u015arodkowa podzia\u0142ka dzia\u0142a jako uchwyt na palec i koj\u0105cy kamie\u0144 do zmartwie\u0144.<\/p>\n<p>&nbsp;<\/p>\n<p>&nbsp;<\/p>\n<p>&nbsp;<\/p>\n<p>Korzy\u015bci z SilverNurse\u00ae Gua Sha:<\/p>\n<p>\u0141agodzi napi\u0119cie twarzy<br \/>\nZwi\u0119ksza elastyczno\u015b\u0107 sk\u00f3ry, napina i tonizuje sk\u00f3r\u0119<br \/>\nZniech\u0119ca do pojawiania si\u0119 drobnych linii i zmarszczek<br \/>\nZmniejsza obrz\u0119ki, worki pod oczami i cienie wok\u00f3\u0142 oczu<br \/>\nWspomaga kr\u0105\u017cenie krwi w twarzy, zapewniaj\u0105c naturalny zdrowy blask<br \/>\nPomaga wnika\u0107 g\u0142\u0119biej w sk\u00f3r\u0119 produkt\u00f3w kosmetycznych, takich jak kremy do twarzy i serum, w celu lepszego wch\u0142aniania<\/p>\n<p>&nbsp;<\/p>\n<p>100% oryginalne narz\u0119dzie Gua Sha<br \/>\nSrebro pr\u00f3by 925<br \/>\nProsta obs\u0142uga<br \/>\nWygodny do przenoszenia<br \/>\nZ\u0142agodzi\u0107 b\u00f3l w r\u00f3\u017cnych cz\u0119\u015bciach cia\u0142a<br \/>\nProdukty srebrne, trwalsze<br \/>\nOdpowiedni dla os\u00f3b w ka\u017cdym wieku[\/vc_column_text][\/vc_column][\/vc_row]\n","protected":false},"excerpt":{"rendered":"<p>\u201e PO\u017bEGNANIE KREM\u00d3W POD OCZY\u201d<\/p>\n<p>Silver Gua Sha jest pierwotnie u\u017cywany do masa\u017cu akupunkturowego. SilverNurse Gua Sha zosta\u0142 zaprojektowany, aby umo\u017cliwi\u0107 u\u017cytkownikom nie-specjalistom prawid\u0142owe masowanie bez \u017cadnych trudno\u015bci. Wystarcz\u0105 3 minuty codziennego stosowania i trzymanie w ch\u0142odnym otoczeniu!<\/p>\n<p>SilverNurse\u00ae Gua Sha mo\u017ce pom\u00f3c w rozszerzeniu naczy\u0144 w\u0142osowatych, promowaniu kr\u0105\u017cenia krwi, \u0142agodzeniu b\u00f3lu mi\u0119\u015bni i szybkim przywr\u00f3ceniu kondycji fizycznej. Mo\u017ce pom\u00f3c w skutecznym leczeniu zrost\u00f3w, uraz\u00f3w i przeci\u0105\u017cenia mi\u0119\u015bni. Nadaje si\u0119 do szyi, ramion, plec\u00f3w, n\u00f3g, d\u0142oni, \u0142ydek, ud i innych cz\u0119\u015bci.<\/p>\n","protected":false},"featured_media":9816,"comment_status":"closed","ping_status":"closed","template":"","meta":[],"product_cat":[20],"product_tag":[73,72,33,29],"_links":{"self":[{"href":"https:\/\/old.silvernurseeu.com\/pl\/wp-json\/wp\/v2\/product\/10983"}],"collection":[{"href":"https:\/\/old.silvernurseeu.com\/pl\/wp-json\/wp\/v2\/product"}],"about":[{"href":"https:\/\/old.silvernurseeu.com\/pl\/wp-json\/wp\/v2\/types\/product"}],"replies":[{"embeddable":true,"href":"https:\/\/old.silvernurseeu.com\/pl\/wp-json\/wp\/v2\/comments?post=10983"}],"wp:featuredmedia":[{"embeddable":true,"href":"https:\/\/old.silvernurseeu.com\/pl\/wp-json\/wp\/v2\/media\/9816"}],"wp:attachment":[{"href":"https:\/\/old.silvernurseeu.com\/pl\/wp-json\/wp\/v2\/media?parent=10983"}],"wp:term":[{"taxonomy":"product_cat","embeddable":true,"href":"https:\/\/old.silvernurseeu.com\/pl\/wp-json\/wp\/v2\/product_cat?post=10983"},{"taxonomy":"product_tag","embeddable":true,"href":"https:\/\/old.silvernurseeu.com\/pl\/wp-json\/wp\/v2\/product_tag?post=10983"}],"curies":[{"name":"wp","href":"https:\/\/api.w.org\/{rel}","templated":true}]}}