{"id":15285,"date":"2021-12-29T19:20:07","date_gmt":"2021-12-29T19:20:07","guid":{"rendered":"https:\/\/www.silvernurseeu.com\/shop\/body-sock-sensory-proprioception-vestibular-system\/"},"modified":"2022-11-24T16:26:09","modified_gmt":"2022-11-24T16:26:09","slug":"body-sock-sensory-proprioception-vestibular-system","status":"publish","type":"product","link":"https:\/\/old.silvernurseeu.com\/pl\/shop\/body-sock-sensory-proprioception-vestibular-system\/","title":{"rendered":"SKARPETKA DO CIA\u0141A SENSORY"},"content":{"rendered":"[vc_row][vc_column][vc_video link=&#8221;https:\/\/www.youtube.com\/watch?v=ILn8J5T2Ys0&#8243; el_aspect=&#8221;43&#8243;][\/vc_column][\/vc_row]\n","protected":false},"excerpt":{"rendered":"<p>ROZCI\u0104GNIJ, GRAJ, ROZWIJAJ, ODWIJAJ<br \/>\nCzy chcia\u0142by\u015b, aby Twoje dziecko mia\u0142o \u0142atwiejszy relaks? Body Sock zaprojektowano z my\u015bl\u0105 o problemach sensorycznych. Twoje dziecko pokocha zabaw\u0119, rozci\u0105ganie lub relaks w naszej sensorycznej skarpetce! Daje r\u00f3wnie\u017c korzy\u015bci dotykowe dla poszukuj\u0105cych, poniewa\u017c jest mi\u0119kki i rozci\u0105gliwy w dotyku. Skarpeta do cia\u0142a zapewnia jednocze\u015bnie uspokajaj\u0105cy i organizuj\u0105cy wk\u0142ad na ca\u0142ym ciele.<\/p>\n<p>Produkt ma d\u0142ugo\u015b\u0107 60&#215;85 cm. Ma rozci\u0105gliwo\u015b\u0107 do 105 cm.<br \/>\nOdpowiedni dla dzieci w wieku 1-12 lat.<\/p>\n<p>POM\u00d3\u017b SWOJEMU DZIECKU ROZWIJA\u0106 \u015aWIADOMO\u015a\u0106 PRZESTRZENN\u0104<br \/>\nSkarpetki sensoryczne nie tylko pomagaj\u0105 uspokoi\u0107 i uspokoi\u0107, ale tak\u017ce mog\u0105 zach\u0119ci\u0107 dziecko do odkrywania swoich ruch\u00f3w poprzez naciskanie i rozci\u0105ganie materia\u0142u. Skarpety Harkla Body Sock zapewniaj\u0105 natychmiastow\u0105 informacj\u0119 zwrotn\u0105 do system\u00f3w dotykowych i proprioceptywnych, gdy s\u0105 noszone, zar\u00f3wno w jednej statycznej pozycji, jak i podczas zada\u0144 dynamicznych opartych na ruchu. Zacznij si\u0119 rozwija\u0107 od razu dzi\u0119ki przewodnikowi po aktywno\u015bci stworzonemu przez terapeut\u00f3w zaj\u0119ciowych, kt\u00f3ry znajduje si\u0119 w ka\u017cdym pakiecie.<\/p>\n<p>.<\/p>\n<p>STAWIAJ SI\u0118 NA NAJTRUDNIEJSZE CZASOWE ZABAWY<\/p>\n<p>Zaprojektowany z podw\u00f3jnymi szwami i mocnym zamkiem zamiast rzepu.<\/p>\n","protected":false},"featured_media":15200,"comment_status":"closed","ping_status":"closed","template":"","meta":[],"product_cat":[20],"product_tag":[79,75,44,78,76,29,77],"_links":{"self":[{"href":"https:\/\/old.silvernurseeu.com\/pl\/wp-json\/wp\/v2\/product\/15285"}],"collection":[{"href":"https:\/\/old.silvernurseeu.com\/pl\/wp-json\/wp\/v2\/product"}],"about":[{"href":"https:\/\/old.silvernurseeu.com\/pl\/wp-json\/wp\/v2\/types\/product"}],"replies":[{"embeddable":true,"href":"https:\/\/old.silvernurseeu.com\/pl\/wp-json\/wp\/v2\/comments?post=15285"}],"wp:featuredmedia":[{"embeddable":true,"href":"https:\/\/old.silvernurseeu.com\/pl\/wp-json\/wp\/v2\/media\/15200"}],"wp:attachment":[{"href":"https:\/\/old.silvernurseeu.com\/pl\/wp-json\/wp\/v2\/media?parent=15285"}],"wp:term":[{"taxonomy":"product_cat","embeddable":true,"href":"https:\/\/old.silvernurseeu.com\/pl\/wp-json\/wp\/v2\/product_cat?post=15285"},{"taxonomy":"product_tag","embeddable":true,"href":"https:\/\/old.silvernurseeu.com\/pl\/wp-json\/wp\/v2\/product_tag?post=15285"}],"curies":[{"name":"wp","href":"https:\/\/api.w.org\/{rel}","templated":true}]}}