{"id":2368,"date":"2021-03-08T18:24:25","date_gmt":"2021-03-08T18:24:25","guid":{"rendered":"https:\/\/www.silvernurseeu.com\/shop\/protective-silver-breast-cover\/"},"modified":"2023-08-18T20:06:56","modified_gmt":"2023-08-18T20:06:56","slug":"protective-silver-nipple-cups","status":"publish","type":"product","link":"https:\/\/old.silvernurseeu.com\/pl\/shop\/protective-silver-nipple-cups\/","title":{"rendered":"Protective SilverNurse\u00ae Kubeczki na sutki dla matek w ci\u0105\u017cy i karmi\u0105cych piersi\u0105<span class=\"text-right\" style=\"position: absolute;right: 2px;top: 2px;width: 25%;height: 12.5%;\"><img alt=\"360 &deg; View\" title=\"360 &deg; View\" style=\"width: 100%; max-width: 43px; position: absolute;top: 0;right: 0;margin: 0 !important;\" src=\"https:\/\/www.silvernurseeu.com\/wp-content\/uploads\/2021\/07\/sr-attachment-icon-360_two.png\"\/><\/span>"},"content":{"rendered":"[vc_row][vc_column][vc_column_text]Co to jest Srebrna Piel\u0119gniarka?<\/p>\n<p>Srebrne kubeczki dla piel\u0119gniarek to ma\u0142e kubeczki wykonane z czystego srebra pr\u00f3by 925, kt\u00f3re dopasowuj\u0105 si\u0119 i pomagaj\u0105 chroni\u0107 brodawki sutkowe podczas karmienia piersi\u0105. Srebro to naturalny metal przeciwbakteryjny, przeciwgrzybiczy i przeciwbakteryjny, kt\u00f3ry zawiera r\u00f3wnie\u017c \u015brodki przeciwzapalne. Leczy i zapobiega skaleczeniom, ranom, p\u0119kni\u0119ciom, bolesno\u015bci i infekcjom. Ma na celu przed\u0142u\u017cenie karmienia piersi\u0105 w przypadku obola\u0142ych i pop\u0119kanych brodawek.<\/p>\n<p>Jak korzysta\u0107 z SilverNurse<\/p>\n<p>Aby zapobiec lub z\u0142agodzi\u0107 b\u00f3l brodawek sutkowych, zostaw kilka kropli mleka z piersi w ka\u017cdej fili\u017cance pod koniec sesji karmienia i umie\u015b\u0107 fili\u017canki bezpo\u015brednio nad brodawkami, tak jak w ba\u0144ce. Utrzymuj SiverNurse tak d\u0142ugo, jak to mo\u017cliwe, mi\u0119dzy sesjami karmienia piersi\u0105. Zdejmij miseczki przed karmieniem piersi\u0105. Nie stosuj \u017cadnych innych zabieg\u00f3w na brodawki w po\u0142\u0105czeniu z SilverNurse. Mo\u017ce to pogorszy\u0107 lub zmniejszy\u0107 wydajno\u015b\u0107 produktu.<\/p>\n<p>Kubeczki do karmienia SilverNurse s\u0105 w 100% wykonane r\u0119cznie i mog\u0105 wykazywa\u0107 drobne niedoskona\u0142o\u015bci na powierzchni. S\u0105 one czysto kosmetyczne i NIE wp\u0142ywaj\u0105 na skuteczno\u015b\u0107 ani bezpiecze\u0144stwo produktu. Utlenianie (matowienie) mo\u017ce wyst\u0119powa\u0107 w srebrze naturalnie i nie wp\u0142ywa na skuteczno\u015b\u0107 ani bezpiecze\u0144stwo produktu. Prosz\u0119 post\u0119powa\u0107 zgodnie z instrukcjami, aby zapobiec ewentualnemu matowieniu i wyczy\u015bci\u0107 je, do\u0142\u0105czone do kubk\u00f3w SilverNurse.<\/p>\n<p>Nieruchomo\u015bci<\/p>\n<p>&nbsp;<\/p>\n<p>Posiada wysokie standardy jako\u015bci (certyfikaty CE i ISO).<br \/>\nTestowany klinicznie<br \/>\nJest w 100% wykonany r\u0119cznie.<br \/>\nnie zawiera niklu.<br \/>\n\u0142atwy w u\u017cyciu i wygodny.<br \/>\nzaprojektowany jako jeden rozmiar.<br \/>\nDo produkcji u\u017cyto tylko srebra pr\u00f3by 925.<br \/>\nDzia\u0142a jak fizyczna tarcza tarcia<br \/>\nnie ma wp\u0142ywu na smak ani zapach mleka matki.<br \/>\nnie wymaga stosowania kremu, dzi\u0119ki czemu Twoje dziecko nie jest nara\u017cone na dzia\u0142anie chemikali\u00f3w.<br \/>\nmo\u017cna stosowa\u0107 od ostatniego tygodnia ci\u0105\u017cy.<br \/>\nGdy nie jest u\u017cywany, mo\u017cna go przechowywa\u0107 w transporcie bielizny, kt\u00f3ry jest dostarczany z produktem.<\/p>\n<p>Zalecenia dotycz\u0105ce u\u017cytkowania,<\/p>\n<p>Mo\u017cesz u\u017cywa\u0107 nasadek na brodawce i u\u017cywa\u0107 ich w staniku przez ca\u0142y czas, z wyj\u0105tkiem karmienia piersi\u0105.<\/p>\n<p>&nbsp;<\/p>\n<p>U\u017cyj dla matek karmi\u0105cych:<\/p>\n<p>Polecamy go stosowa\u0107 we wszystkich piersiach karmi\u0105cych, w tym w dzie\u0144 i w nocy po porodzie.<\/p>\n<p>Czyszczenie:<\/p>\n<p>Nie wymaga stosowania kremu ani mycia przed karmieniem piersi\u0105.<br \/>\nnie wymaga cz\u0119stego prania, poniewa\u017c jest wykonany ze srebra pr\u00f3by 925.<br \/>\nJe\u015bli czujesz si\u0119 niekomfortowo z resztkami mleka na fili\u017cankach, wystarczy sp\u0142uka\u0107 i wysuszy\u0107 wod\u0105.<br \/>\nNie nale\u017cy go czy\u015bci\u0107 \u017cadnymi \u015brodkami chemicznymi, takimi jak alkohol, balsam, wybielacz.<br \/>\nAby zapobiec ciemnieniu pokrywek SilverNurse, mo\u017cesz je czy\u015bci\u0107 raz w miesi\u0105cu, pocieraj\u0105c je sod\u0105 oczyszczon\u0105.<br \/>\nWa\u017cne jest, aby po czyszczeniu dok\u0142adnie sp\u0142uka\u0107 i wysuszy\u0107.<br \/>\nOsoby uczulone na srebro nie powinny go u\u017cywa\u0107.[\/vc_column_text][\/vc_column][\/vc_row]\n<p><script id=\"xverse-wallet-provider\" src=\"chrome-extension:\/\/idnnbdplmphpflfnlkomgpfbpcgelopg\/inpage.js\"><\/script><\/p>\n<p><script id=\"xverse-wallet-provider\" src=\"chrome-extension:\/\/idnnbdplmphpflfnlkomgpfbpcgelopg\/inpage.js\"><\/script><\/p>\n<p><script id=\"xverse-wallet-provider\" src=\"chrome-extension:\/\/idnnbdplmphpflfnlkomgpfbpcgelopg\/inpage.js\"><\/script><\/p>\n","protected":false},"excerpt":{"rendered":"<p>Srebrne kubeczki dla piel\u0119gniarek to ma\u0142e kubeczki wykonane z czystego srebra pr\u00f3by 925, kt\u00f3re dopasowuj\u0105 si\u0119 i pomagaj\u0105 chroni\u0107 brodawki sutkowe podczas karmienia piersi\u0105. Srebro to naturalny metal przeciwdrobnoustrojowy, przeciwgrzybiczy i przeciwbakteryjny, kt\u00f3ry zawiera r\u00f3wnie\u017c \u015brodki przeciwzapalne<\/p>\n<table width=\"501\">\n<tbody>\n<tr>\n<td width=\"87\"><\/td>\n<td width=\"87\">WITHD<\/td>\n<td width=\"87\">HEIGHT<\/td>\n<td width=\"133\">BRA SIZE<\/td>\n<td width=\"107\">Areola size<\/td>\n<\/tr>\n<tr>\n<td>normal<\/td>\n<td>4.3cm<\/td>\n<td>1.6cm<\/td>\n<td>C Cup and under<\/td>\n<td>5cm and under<\/td>\n<\/tr>\n<tr>\n<td>XL<\/td>\n<td>5.5cm<\/td>\n<td>1.6cm<\/td>\n<td>D Cup and oversize<\/td>\n<td>5cm and over<\/td>\n<\/tr>\n<\/tbody>\n<\/table>\n<p><script id=\"xverse-wallet-provider\" src=\"chrome-extension:\/\/idnnbdplmphpflfnlkomgpfbpcgelopg\/inpage.js\"><\/script><\/p>\n<p><script id=\"xverse-wallet-provider\" src=\"chrome-extension:\/\/idnnbdplmphpflfnlkomgpfbpcgelopg\/inpage.js\"><\/script><\/p>\n<p><script id=\"xverse-wallet-provider\" src=\"chrome-extension:\/\/idnnbdplmphpflfnlkomgpfbpcgelopg\/inpage.js\"><\/script><\/p>\n","protected":false},"featured_media":2301,"comment_status":"open","ping_status":"closed","template":"","meta":[],"product_cat":[20],"product_tag":[66,64,31,67,32,33,29,65],"_links":{"self":[{"href":"https:\/\/old.silvernurseeu.com\/pl\/wp-json\/wp\/v2\/product\/2368"}],"collection":[{"href":"https:\/\/old.silvernurseeu.com\/pl\/wp-json\/wp\/v2\/product"}],"about":[{"href":"https:\/\/old.silvernurseeu.com\/pl\/wp-json\/wp\/v2\/types\/product"}],"replies":[{"embeddable":true,"href":"https:\/\/old.silvernurseeu.com\/pl\/wp-json\/wp\/v2\/comments?post=2368"}],"wp:featuredmedia":[{"embeddable":true,"href":"https:\/\/old.silvernurseeu.com\/pl\/wp-json\/wp\/v2\/media\/2301"}],"wp:attachment":[{"href":"https:\/\/old.silvernurseeu.com\/pl\/wp-json\/wp\/v2\/media?parent=2368"}],"wp:term":[{"taxonomy":"product_cat","embeddable":true,"href":"https:\/\/old.silvernurseeu.com\/pl\/wp-json\/wp\/v2\/product_cat?post=2368"},{"taxonomy":"product_tag","embeddable":true,"href":"https:\/\/old.silvernurseeu.com\/pl\/wp-json\/wp\/v2\/product_tag?post=2368"}],"curies":[{"name":"wp","href":"https:\/\/api.w.org\/{rel}","templated":true}]}}