{"id":8885,"date":"2021-03-17T14:32:53","date_gmt":"2021-03-17T14:32:53","guid":{"rendered":"https:\/\/www.silvernurseeu.com\/shop\/silvernurse-silver-baby-food-spoon\/"},"modified":"2022-11-24T16:32:19","modified_gmt":"2022-11-24T16:32:19","slug":"silvernurse-silver-baby-food-spoon","status":"publish","type":"product","link":"https:\/\/old.silvernurseeu.com\/pl\/shop\/silvernurse-silver-baby-food-spoon\/","title":{"rendered":"SilverNurse\u00ae Srebrna \u0142y\u017cka do jedzenia dla niemowl\u0105t"},"content":{"rendered":"[vc_row][vc_column][vc_column_text]SilverNurse Silver Baby Spoon , \u201eUrodzony ze srebrn\u0105 \u0142y\u017ceczk\u0105\u201d<\/p>\n<p>Srebrna \u0142y\u017ceczka do \u017cywno\u015bci dla niemowl\u0105t SilverNurse zosta\u0142a specjalnie zaprojektowana dla niemowl\u0105t, kt\u00f3re zaczynaj\u0105 przyjmowa\u0107 suplementy.<br \/>\nJest w ca\u0142o\u015bci wykonany r\u0119cznie ze srebra pr\u00f3by 925 zgodnie z europejskimi standardami. \u0141y\u017cki do \u017cywno\u015bci SilverNurse nie maj\u0105 \u017cywotno\u015bci.<\/p>\n<p>Zalecenia dotycz\u0105ce u\u017cytkowania<\/p>\n<p>Po u\u017cyciu umy\u0107 gor\u0105c\u0105 wod\u0105 i dok\u0142adnie sp\u0142uka\u0107.<br \/>\nRaz w miesi\u0105cu pociera\u0107 sod\u0105 oczyszczon\u0105 przypominaj\u0105c\u0105 past\u0119. Nast\u0119pnie umyj du\u017c\u0105 ilo\u015bci\u0105 wody i osusz, aby nie by\u0142o na niej wody.<br \/>\nPoniewa\u017c srebro jest metalem antybakteryjnym, nie wymaga dezynfekcji.<br \/>\nDo czyszczenia nie u\u017cywaj \u017cadnych \u015brodk\u00f3w chemicznych, takich jak detergenty, \u015brodki dezynfekuj\u0105ce lub alkohol.<br \/>\nNie gotowa\u0107, nie my\u0107 w zmywarce<\/p>\n<p>Warunki anulowania i gwarancji<\/p>\n<p>W ka\u017cdym przypadku innym ni\u017c b\u0142\u0105d u\u017cytkownika i zaczernienie, do\u017cywotnia gwarancja jest wa\u017cna i mo\u017cesz poprosi\u0107 o wymian\u0119.<\/p>\n<p>-Mo\u017cesz zwr\u00f3ci\u0107 produkt w ci\u0105gu 15 dni od otrzymania zam\u00f3wienia.<\/p>\n<p>Cechy<\/p>\n<p>100% r\u0119cznie<br \/>\nAbsolutnie nie zawiera NIKLU<br \/>\nZaprojektowany jako jeden rozmiar<br \/>\nWykonany jest ze srebra pr\u00f3by 925<br \/>\nOdpowiedni dla dzieci powy\u017cej 6 miesi\u0105ca \u017cycia<br \/>\nNie ma wp\u0142ywu na smak i zapach potraw i napoj\u00f3w<br \/>\nMo\u017cesz go przechowywa\u0107 i nosi\u0107 w lnianym pokrowcu, gdy go nie u\u017cywasz.<br \/>\nDzi\u0119ki szerokiej r\u0105czce idealnie le\u017cy w d\u0142oni dziecka i mo\u017ce by\u0107 u\u017cywana zar\u00f3wno praw\u0105, jak i lew\u0105 r\u0119k\u0105.<br \/>\nG\u0142\u0119boko\u015b\u0107 \u0142y\u017cki zosta\u0142a zaprojektowana z uwzgl\u0119dnieniem wielko\u015bci porcji dzieci w tym wieku.<br \/>\nMo\u017ce by\u0107 u\u017cywany jako \u0142y\u017cka do syropu dzi\u0119ki informacji w ml wewn\u0105trz \u0142y\u017cki.[\/vc_column_text][\/vc_column][\/vc_row]\n","protected":false},"excerpt":{"rendered":"<p>SilverNurse Silver Baby Spoon , \u201eUrodzony ze srebrn\u0105 \u0142y\u017ceczk\u0105\u201d<\/p>\n<p>Srebrna \u0142y\u017ceczka do \u017cywno\u015bci SilverNurse zosta\u0142a specjalnie zaprojektowana dla niemowl\u0105t, kt\u00f3re rozpocz\u0119\u0142y przyjmowanie suplement\u00f3w. Srebrne \u0142y\u017ceczki to najlepsze prezenty dla os\u00f3b \u201eurodzonych ze srebrn\u0105 \u0142y\u017ceczk\u0105 w ustach\u201d skorzysta\u0142y z oczyszczaj\u0105cych i antybiotycznych w\u0142a\u015bciwo\u015bci srebra.<\/p>\n<p>\u201eW \u015bredniowieczu zamo\u017cni rodzice chrzestni dawali dzieciom srebrne \u0142y\u017cki jako prezenty na chrzciny. Ci \u201eurodzeni ze srebrn\u0105 \u0142y\u017ck\u0105 w ustach\u201d korzystali z oczyszczaj\u0105cych i antybiotycznych w\u0142a\u015bciwo\u015bci srebra\u201d.<\/p>\n","protected":false},"featured_media":8829,"comment_status":"closed","ping_status":"closed","template":"","meta":[],"product_cat":[20],"product_tag":[29],"_links":{"self":[{"href":"https:\/\/old.silvernurseeu.com\/pl\/wp-json\/wp\/v2\/product\/8885"}],"collection":[{"href":"https:\/\/old.silvernurseeu.com\/pl\/wp-json\/wp\/v2\/product"}],"about":[{"href":"https:\/\/old.silvernurseeu.com\/pl\/wp-json\/wp\/v2\/types\/product"}],"replies":[{"embeddable":true,"href":"https:\/\/old.silvernurseeu.com\/pl\/wp-json\/wp\/v2\/comments?post=8885"}],"wp:featuredmedia":[{"embeddable":true,"href":"https:\/\/old.silvernurseeu.com\/pl\/wp-json\/wp\/v2\/media\/8829"}],"wp:attachment":[{"href":"https:\/\/old.silvernurseeu.com\/pl\/wp-json\/wp\/v2\/media?parent=8885"}],"wp:term":[{"taxonomy":"product_cat","embeddable":true,"href":"https:\/\/old.silvernurseeu.com\/pl\/wp-json\/wp\/v2\/product_cat?post=8885"},{"taxonomy":"product_tag","embeddable":true,"href":"https:\/\/old.silvernurseeu.com\/pl\/wp-json\/wp\/v2\/product_tag?post=8885"}],"curies":[{"name":"wp","href":"https:\/\/api.w.org\/{rel}","templated":true}]}}