{"id":8892,"date":"2021-03-17T14:11:08","date_gmt":"2021-03-17T14:11:08","guid":{"rendered":"https:\/\/www.silvernurseeu.com\/shop\/silvernurse-premium-silver-nurse-breast-cups\/"},"modified":"2022-07-12T13:01:18","modified_gmt":"2022-07-12T13:01:18","slug":"silvernurse-premium-silver-nurse-breast-cups","status":"publish","type":"product","link":"https:\/\/old.silvernurseeu.com\/sk\/shop\/silvernurse-premium-silver-nurse-breast-cups\/","title":{"rendered":"SilverNurse\u00ae Premium Strieborn\u00e9 poh\u00e1re na prsia sestry<span class=\"text-right\" style=\"position: absolute;right: 2px;top: 2px;width: 25%;height: 12.5%;\"><img alt=\"360 &deg; View\" title=\"360 &deg; View\" style=\"width: 100%; max-width: 43px; position: absolute;top: 0;right: 0;margin: 0 !important;\" src=\"https:\/\/www.silvernurseeu.com\/wp-content\/uploads\/2021\/07\/sr-attachment-icon-360_two.png\"\/><\/span>"},"content":{"rendered":"[vc_row][vc_column][vc_column_text]Ako pou\u017e\u00edva\u0165 SilverNurse<\/p>\n<p>Aby ste predi\u0161li alebo zmiernili bo\u013eav\u00e9 bradavky, na konci doj\u010denia nechajte v ka\u017edej \u0161\u00e1lke p\u00e1r kvapiek matersk\u00e9ho mlieka a \u0161\u00e1lky umiestnite priamo na bradavku ako poh\u00e1r na poh\u00e1r. Medzi jednotliv\u00fdmi doj\u010deniami nechajte SiverNurse zapnut\u00fa \u010do najviac. Pred doj\u010den\u00edm odstr\u00e1\u0148te poh\u00e1re. V kombin\u00e1cii so SilverNurse nepou\u017e\u00edvajte \u017eiadne in\u00e9 o\u0161etrenie bradaviek. M\u00f4\u017ee to ohrozi\u0165 alebo zn\u00ed\u017ei\u0165 \u00fa\u010dinnos\u0165 produktu.<\/p>\n<p>O\u0161etrovate\u013esk\u00e9 poh\u00e1re SilverNurse s\u00fa 100% ru\u010dne vyr\u00e1ban\u00e9 a m\u00f4\u017eu vykazova\u0165 mierne nedokonalosti na povrchu. S\u00fa \u010disto kozmetick\u00e9 a NEOvplyv\u0148uj\u00fa \u00fa\u010dinnos\u0165 ani bezpe\u010dnos\u0165 produktu. Oxid\u00e1cia (zakalenie) sa m\u00f4\u017ee prirodzene vyskytn\u00fa\u0165 v striebre a neovplyv\u0148uje \u00fa\u010dinnos\u0165 ani bezpe\u010dnos\u0165 produktu. Postupujte pod\u013ea pokynov, aby ste predi\u0161li a vy\u010distili mo\u017en\u00e9 zafarbenie, ktor\u00e9 s\u00fa s\u00fa\u010das\u0165ou poh\u00e1rov SilverNurse.<\/p>\n<p>Vlastnosti<\/p>\n<p>&nbsp;<\/p>\n<p>M\u00e1 vysok\u00e9 \u0161tandardy kvality (certifik\u00e1ty CE a ISO).<br \/>\nKlinicky testovan\u00e9<br \/>\nJe to 100% ru\u010dn\u00e1 pr\u00e1ca.<br \/>\nneobsahuje nikel.<br \/>\njednoduch\u00e9 pou\u017eitie a pohodln\u00e9.<br \/>\nnavrhnut\u00e9 ako jedna ve\u013ekos\u0165.<br \/>\nNa v\u00fdrobu bolo pou\u017eit\u00e9 iba 925 mincov\u00e9 striebro.<br \/>\nP\u00f4sob\u00ed ako fyzick\u00fd \u0161t\u00edt pre trenie<br \/>\nnem\u00e1 \u017eiadny vplyv na chu\u0165 ani v\u00f4\u0148u matersk\u00e9ho mlieka.<br \/>\nnevy\u017eaduje pou\u017eitie kr\u00e9mu, tak\u017ee va\u0161e die\u0165atko nie je vystaven\u00e9 chemik\u00e1li\u00e1m.<br \/>\nmo\u017eno u\u017e\u00edva\u0165 od posledn\u00e9ho t\u00fd\u017ed\u0148a tehotenstva.<br \/>\nKe\u010f sa nepou\u017e\u00edva, m\u00f4\u017eete ho ulo\u017ei\u0165 do prepravky bielizne, ktor\u00e1 je dod\u00e1van\u00e1 s v\u00fdrobkom.<\/p>\n<p>Odpor\u00fa\u010dania na pou\u017eitie,<\/p>\n<p>\u010ciapo\u010dky m\u00f4\u017eete pou\u017ei\u0165 na bradavku a pou\u017ei\u0165 ich v podprsenke v\u017edy okrem doj\u010denia.<\/p>\n<p>&nbsp;<\/p>\n<p>Pou\u017eitie pre doj\u010diace matky:<\/p>\n<p>Odpor\u00fa\u010dame pou\u017e\u00edva\u0165 na v\u0161etky doj\u010diace prsia, vr\u00e1tane d\u0148a a noci po p\u00f4rode.<\/p>\n<p>\u010cistenie:<\/p>\n<p>Nevy\u017eaduje pou\u017eitie kr\u00e9mu alebo um\u00fdvanie pred doj\u010den\u00edm.<br \/>\nnie je potrebn\u00e9 \u010dasto pra\u0165, preto\u017ee je vyroben\u00fd zo striebra r\u00fddzosti 925.<br \/>\nV pr\u00edpade, \u017ee s\u00fa v\u00e1m nepr\u00edjemn\u00e9 zvy\u0161ky mlieka na va\u0161ich \u0161\u00e1lkach, sta\u010d\u00ed ich opl\u00e1chnu\u0165 a osu\u0161i\u0165 vodou.<br \/>\nNemalo by sa \u010disti\u0165 \u017eiadnymi chemik\u00e1liami, ako je alkohol, ple\u0165ov\u00e1 voda, bielidlo.<br \/>\nAby ste predi\u0161li stmavnutiu vie\u010dok SilverNurse, m\u00f4\u017eete ich raz za mesiac vy\u010disti\u0165 potret\u00edm s\u00f3dou bikarb\u00f3nou.<br \/>\nJe d\u00f4le\u017eit\u00e9, aby ste po \u010disten\u00ed d\u00f4kladne opl\u00e1chli a vysu\u0161ili.<br \/>\nT\u00ed, ktor\u00ed s\u00fa alergick\u00ed na striebro, by ho nemali pou\u017e\u00edva\u0165.[\/vc_column_text][\/vc_column][\/vc_row]\n","protected":false},"excerpt":{"rendered":"<p>S ochrann\u00fdmi strieborn\u00fdmi pr\u00e9miov\u00fdmi n\u00e1vlekmi na bradavky, 100% hodv\u00e1bnym vrec\u00fa\u0161kom a \u0161peci\u00e1lne navrhnutou krabi\u010dkou pre mami\u010dky a nast\u00e1vaj\u00face mami\u010dky je to ten najlep\u0161\u00ed dar\u010dek, ak\u00fd m\u00f4\u017ee mami\u010dka dosta\u0165.<\/p>\n<p>SilverNurse s\u00fa \u0161peci\u00e1lne ochrann\u00e9 kryty vyroben\u00e9 zo striebra r\u00fddzosti 925 pod\u013ea eur\u00f3pskych noriem ur\u010den\u00e9 pre tehotn\u00e9 a \u010derstv\u00e9 mami\u010dky. Je vhodn\u00e9 pre mami\u010dky a nast\u00e1vaj\u00face mami\u010dky po\u010das doj\u010denia.<\/p>\n","protected":false},"featured_media":8812,"comment_status":"closed","ping_status":"closed","template":"","meta":[],"product_cat":[20],"product_tag":[29],"_links":{"self":[{"href":"https:\/\/old.silvernurseeu.com\/sk\/wp-json\/wp\/v2\/product\/8892"}],"collection":[{"href":"https:\/\/old.silvernurseeu.com\/sk\/wp-json\/wp\/v2\/product"}],"about":[{"href":"https:\/\/old.silvernurseeu.com\/sk\/wp-json\/wp\/v2\/types\/product"}],"replies":[{"embeddable":true,"href":"https:\/\/old.silvernurseeu.com\/sk\/wp-json\/wp\/v2\/comments?post=8892"}],"wp:featuredmedia":[{"embeddable":true,"href":"https:\/\/old.silvernurseeu.com\/sk\/wp-json\/wp\/v2\/media\/8812"}],"wp:attachment":[{"href":"https:\/\/old.silvernurseeu.com\/sk\/wp-json\/wp\/v2\/media?parent=8892"}],"wp:term":[{"taxonomy":"product_cat","embeddable":true,"href":"https:\/\/old.silvernurseeu.com\/sk\/wp-json\/wp\/v2\/product_cat?post=8892"},{"taxonomy":"product_tag","embeddable":true,"href":"https:\/\/old.silvernurseeu.com\/sk\/wp-json\/wp\/v2\/product_tag?post=8892"}],"curies":[{"name":"wp","href":"https:\/\/api.w.org\/{rel}","templated":true}]}}