{"id":8904,"date":"2021-03-17T15:00:10","date_gmt":"2021-03-17T15:00:10","guid":{"rendered":"https:\/\/www.silvernurseeu.com\/shop\/silveriq-colourful-rainbow-stacker-waldorf-approach-montessori-schooling-systemtoy-wooden-craft-baby-gift-12pcs\/"},"modified":"2021-03-26T20:01:41","modified_gmt":"2021-03-26T20:01:41","slug":"silveriq-colourful-rainbow-stacker-waldorf-montessori","status":"publish","type":"product","link":"https:\/\/old.silvernurseeu.com\/sk\/shop\/silveriq-colourful-rainbow-stacker-waldorf-montessori\/","title":{"rendered":"SilverIQ D\u00fahov\u00e1 Sklada\u010dka Rainbow Stacker  Montessori a Waldorfskej"},"content":{"rendered":"[vc_row][vc_column][vc_column_text]\n<p><a href=\"https:\/\/silvernurseeu.com\/sk\/uvodna-stranka\/24-colourful-rainbow-stacker-waldorf-approach-montessori-schooling-systemtoy-wooden-craft-baby-gift-12pcs.html#product-details\">Detaily Produktu<\/a><\/p>\n<ul>\n<li>Rainbow Stacker je v\u0161estrann\u00e1 hra\u010dka, ide\u00e1lna pre bato\u013eat\u00e1 ale aj deti v pred\u0161kolskom veku. V\u010faka fant\u00e1zii v\u00e1\u0161ho die\u0165a\u0165a sa hra\u010dka m\u00f4\u017ee zmeni\u0165 na kol\u00edsku pre b\u00e1biky, ohradu pre zvieratk\u00e1, tunel \u010di most pre aut\u00e1 a mnoho \u010fal\u0161ieho, ke\u010f\u017ee fant\u00e1zii sa medze neklad\u00fa. Na\u0161e hra\u010dky s\u00fa vyroben\u00e9 z takzvan\u00e9ho Ayouso dreva najlep\u0161ej kvality. Ka\u017ed\u00e1 \u010das\u0165 hra\u010dky je ru\u010dne rezan\u00e1 a obr\u00fasen\u00e1 do perfektn\u00e9ho tvaru. Po po\u010diato\u010dnom br\u00fasen\u00ed s\u00fa hra\u010dky farben\u00e9 s certifikovan\u00fdmi, netoxick\u00fdmi farbami na drevo. Potom nasleduje druh\u00e9 br\u00fasenie. Nakoniec s\u00fa potret\u00e9 na\u0161im ru\u010dne roben\u00fdm lakom na drevo, ktor\u00fd obsahuje organick\u00fd kokosov\u00fd olej a v\u010del\u00ed vosk. N\u00e1sledne je hra\u010dka d\u00f4kladne zabalen\u00e1 a poslan\u00e1 do r\u00fak va\u0161im najmen\u0161\u00edm.<\/li>\n<\/ul>\n<p>&nbsp;<\/p>\n<p>Materi\u00e1ly: Ayouso\/Obeche drevo, netoxick\u00e9 akrylov\u00e9 farby<\/p>\n<p>D\u013a\u017eka: 40cm<\/p>\n<p>\u0160\u00edrka: 19cm<\/p>\n<p>Hr\u00fabka: 7cm<\/p>\n<p>V\u00e1ha: 1<\/p>\n<p>***** Berte pros\u00edm na vedomie, \u017ee ke\u010f\u017ee je tento produkt zafarben\u00fd, \u0161trukt\u00fara dreva presvit\u00e1 a vzh\u013eadom na prirodzen\u00e9 odli\u0161nosti dreva, sa farby v\u00e1\u0161ho produktu m\u00f4\u017eu l\u00ed\u0161i\u0165 od d\u00fahy na obr\u00e1zku. Okrem toho, tak ako pri ka\u017edej farbe, ak sa d\u00faha namo\u010d\u00ed, m\u00f4\u017ee pr\u00eds\u0165 k miernej zmene farieb. Pou\u017eit\u00e9 farbivo je netoxick\u00e9 a s certifik\u00e1tom AP. Av\u0161ak ak bude t\u00e1to hra\u010dka pou\u017e\u00edvan\u00e1 die\u0165a\u0165om, ktor\u00e9 si vklad\u00e1 objekty do \u00fast, d\u00f4razne odpor\u00fa\u010dame zak\u00fapi\u0165 si na\u0161u nenatret\u00fa &#8211; nefarben\u00fa verziu d\u00fahy.<\/p>\n<p>*****<\/p>\n<p>Upozor\u0148ujeme, \u017ee na v\u0161etky na\u0161e d\u00fahy pou\u017e\u00edvame pr\u00edrodn\u00e9 drevo Ayouso \/ Obeche, ktor\u00e9 m\u00f4\u017ee obsahova\u0165 prirodzene sa vyskytuj\u00face pruhy modrofialovej, \u010diernej a hnedej, ktor\u00e9 sa v dreve objavuj\u00fa, ke\u010f strom \u010derp\u00e1 miner\u00e1ly zo zeme.<\/p>\n<p>Na rozdiel od v\u00e4\u010d\u0161iny konkuren\u010dn\u00fdch spolo\u010dnost\u00ed, ktor\u00e9 farbia svoje hra\u010dky, pou\u017e\u00edvame aj moridlo, aby cez farbu presvitala prirodzen\u00e1 kr\u00e1sa dreva. Je to \u00famyseln\u00fd z\u00e1mer a sfarbenie sa m\u00f4\u017ee l\u00ed\u0161i\u0165 pod\u013ea konkr\u00e9tneho kusu. Ak m\u00e1te po\u017eiadavku na hra\u010dku s v\u00e4\u010d\u0161\u00edm alebo men\u0161\u00edm pr\u00edrodn\u00fdm sfarben\u00edm, po\u017eiadajte si o\u0148 pros\u00edm v \u010dase objednania, preto\u017ee pri akejko\u013evek n\u00e1slednej v\u00fdmene produktov sa bud\u00fa vy\u017eadova\u0165 bonusov\u00e9 poplatky za dopravu, nako\u013eko sfarbenie nespad\u00e1 pod z\u00e1ruku.<\/p>\n<p>&nbsp;<\/p>\n<p><em>&#8222;A child who has become master of his acts through long and repeated exercises, and who has been encouraged by the pleasant and interesting activities in which he has been engaged, is a child filled with health and joy and remarkable for his calmness and discipline.\u201d \u2013 Dr. Maria Montessori \u2026<\/em><\/p>\n<p><a href=\"http:\/\/www.montessoria.sk\/montessori\/prednosti-montessori-skoly\"><span style=\"vertical-align: inherit\"><span style=\"vertical-align: inherit\"><span style=\"vertical-align: inherit\"><span style=\"vertical-align: inherit\">http:\/\/www.montessoria.sk\/montessori\/prednosti-montessori-skoly<\/span><\/span><\/span><\/span><\/a><span style=\"vertical-align: inherit\"><span style=\"vertical-align: inherit\"><span style=\"vertical-align: inherit\"><span style=\"vertical-align: inherit\"> [\/ vc_column_text] [\/ vc_column] [\/ vc_row]<\/span><\/span><\/span><\/span><\/p>\n","protected":false},"excerpt":{"rendered":"<p>Rainbow Stacker pon\u00faka mnoho mo\u017enost\u00ed na kreat\u00edvnu a imaginat\u00edvnu hru per va\u0161e die\u0165a! Tento typ hier je typick\u00fd pre Waldorfsk\u00fd alebo Montessoriovsk\u00fd \u0161t\u00fdl vzdel\u00e1vania, a je tie\u017e pou\u017eite\u013en\u00fd v dom\u00e1com prostred\u00ed. Vhodn\u00fd pre deti vo veku od 10 mesiacov.<\/p>\n<p>Montessori hra\u010dky s\u00fa vyroben\u00e9 nie len na zabavenie die\u0165a\u0165a, ale tie\u017e so \u0161pecifick\u00fdm cie\u013eom v\u00fdvinu mysle. Montessori hra\u010dky sa sna\u017eia podpori\u0165 prirodzen\u00fd v\u00fdvin die\u0165a\u0165a, \u010di u\u017e z h\u013eadiska povzbudenia jeho nez\u00e1vislosti, zlep\u0161enia jemnej motoriky, alebo posilnenia koncentr\u00e1cie<\/p>\n","protected":false},"featured_media":8722,"comment_status":"closed","ping_status":"closed","template":"","meta":[],"product_cat":[20],"product_tag":[70,44,45,69],"_links":{"self":[{"href":"https:\/\/old.silvernurseeu.com\/sk\/wp-json\/wp\/v2\/product\/8904"}],"collection":[{"href":"https:\/\/old.silvernurseeu.com\/sk\/wp-json\/wp\/v2\/product"}],"about":[{"href":"https:\/\/old.silvernurseeu.com\/sk\/wp-json\/wp\/v2\/types\/product"}],"replies":[{"embeddable":true,"href":"https:\/\/old.silvernurseeu.com\/sk\/wp-json\/wp\/v2\/comments?post=8904"}],"wp:featuredmedia":[{"embeddable":true,"href":"https:\/\/old.silvernurseeu.com\/sk\/wp-json\/wp\/v2\/media\/8722"}],"wp:attachment":[{"href":"https:\/\/old.silvernurseeu.com\/sk\/wp-json\/wp\/v2\/media?parent=8904"}],"wp:term":[{"taxonomy":"product_cat","embeddable":true,"href":"https:\/\/old.silvernurseeu.com\/sk\/wp-json\/wp\/v2\/product_cat?post=8904"},{"taxonomy":"product_tag","embeddable":true,"href":"https:\/\/old.silvernurseeu.com\/sk\/wp-json\/wp\/v2\/product_tag?post=8904"}],"curies":[{"name":"wp","href":"https:\/\/api.w.org\/{rel}","templated":true}]}}